{"id":120,"date":"2018-01-08T12:52:50","date_gmt":"2018-01-08T12:52:50","guid":{"rendered":"http:\/\/demo.themebeez.com\/royale-news\/?page_id=5"},"modified":"2024-08-29T21:44:50","modified_gmt":"2024-08-29T21:44:50","slug":"home","status":"publish","type":"page","link":"https:\/\/munitingomaria.gob.pe\/home\/","title":{"rendered":"\u00a1\ud835\udc11\ud835\udc04\ud835\udc02\ud835\udc0e\ud835\udc09\ud835\udc0e \ud835\udc03\ud835\udc04 \ud835\udc0c\ud835\udc08\ud835\udc02\ud835\udc11\ud835\udc0e \ud835\udc0b\ud835\udc0e\ud835\udc13\ud835\udc04\ud835\udc12 \ud835\udc03\ud835\udc04 \ud835\udc02\ud835\udc00\ud835\udc05\ud835\udc04\u0301 EN TODA LA PROVINCIA DE LEONCIO PRADO PARA LOS CONCURSOS DE CAFES ESPECIALES!"},"content":{"rendered":"\n<p><img loading=\"lazy\" decoding=\"async\" height=\"16\" width=\"16\" alt=\"\u2705\ufe0f\" src=\"https:\/\/static.xx.fbcdn.net\/images\/emoji.php\/v9\/t33\/1\/16\/2705.png\">La Municipalidad Distrital de Hermilio Valdiz\u00e1n, Mariano Damaso Beraun con apoyo del equipo t\u00e9cnico de la Actividad caf\u00e9s especiales de la Municipalidad Provincial de Leoncio Prado llevaron a cabo el recojo de micro lotes de caf\u00e9s especiales de m\u00e1s de 40 productores cafetaleros que estar\u00e1n participando en el \u00abIV Concurso de Caf\u00e9s <a><\/a>Especiales de Hermilio Valdiz\u00e1n\u00bb y el \u00abI Concurso de caf\u00e9s de especialidad del distrito de Mariano Damaso Beraun\u00bb en marco del CONCAFES y la Feria Internacional de Caf\u00e9s Especiales FICAFE 2024.<\/p>\n\n\n\n<p>Los caf\u00e9s especiales son caf\u00e9s diferenciados por caracter\u00edsticas de origen, preparaci\u00f3n o sostenibilidad en su producci\u00f3n.<\/p>\n\n\n\n<p><a href=\"https:\/\/www.facebook.com\/hashtag\/marxfuentes_alcaldeprovincial?__eep__=6&amp;__cft__[0]=AZXKvsCLQ1YIll43X4QiObjrD14AItAudPza1AJZG0o1Ph-kFflQ-FclwmaeA3sMtdoLxBsaQCev6npUQZO_3yTZCdPbVYKMdpltfrL56BP1IINfOCLRL_6uWEv5qUxWlexhys75BgMy8SCt-wgvGXVRE8da_3tEjQxz-0fARIPH88fpAH4tqDcvxxod8sAC8MQUCXR4eJ1jAxhSlgaRJGZ9&amp;__tn__=*NK-R\">#MarxFuentes_AlcaldeProvincial<\/a><img loading=\"lazy\" decoding=\"async\" height=\"16\" width=\"16\" alt=\"\ud83d\udd30\" src=\"https:\/\/static.xx.fbcdn.net\/images\/emoji.php\/v9\/t6a\/1\/16\/1f530.png\"><\/p>\n\n\n\n<p><a href=\"https:\/\/www.facebook.com\/hashtag\/construyendounagranprovincia?__eep__=6&amp;__cft__[0]=AZXKvsCLQ1YIll43X4QiObjrD14AItAudPza1AJZG0o1Ph-kFflQ-FclwmaeA3sMtdoLxBsaQCev6npUQZO_3yTZCdPbVYKMdpltfrL56BP1IINfOCLRL_6uWEv5qUxWlexhys75BgMy8SCt-wgvGXVRE8da_3tEjQxz-0fARIPH88fpAH4tqDcvxxod8sAC8MQUCXR4eJ1jAxhSlgaRJGZ9&amp;__tn__=*NK-R\">#ConstruyendoUnaGranProvincia<\/a><img loading=\"lazy\" decoding=\"async\" height=\"16\" width=\"16\" alt=\"\ud83d\ude9c\" src=\"https:\/\/static.xx.fbcdn.net\/images\/emoji.php\/v9\/t18\/1\/16\/1f69c.png\"><\/p>\n","protected":false},"excerpt":{"rendered":"<p>La Municipalidad Distrital de Hermilio Valdiz\u00e1n, Mariano Damaso Beraun con apoyo del equipo t\u00e9cnico de<\/p>\n","protected":false},"author":1,"featured_media":1870,"parent":0,"menu_order":0,"comment_status":"closed","ping_status":"closed","template":"template-frontpage.php","meta":{"footnotes":""},"class_list":["post-120","page","type-page","status-publish","has-post-thumbnail","hentry"],"_links":{"self":[{"href":"https:\/\/munitingomaria.gob.pe\/home\/wp-json\/wp\/v2\/pages\/120","targetHints":{"allow":["GET"]}}],"collection":[{"href":"https:\/\/munitingomaria.gob.pe\/home\/wp-json\/wp\/v2\/pages"}],"about":[{"href":"https:\/\/munitingomaria.gob.pe\/home\/wp-json\/wp\/v2\/types\/page"}],"author":[{"embeddable":true,"href":"https:\/\/munitingomaria.gob.pe\/home\/wp-json\/wp\/v2\/users\/1"}],"replies":[{"embeddable":true,"href":"https:\/\/munitingomaria.gob.pe\/home\/wp-json\/wp\/v2\/comments?post=120"}],"version-history":[{"count":2,"href":"https:\/\/munitingomaria.gob.pe\/home\/wp-json\/wp\/v2\/pages\/120\/revisions"}],"predecessor-version":[{"id":1871,"href":"https:\/\/munitingomaria.gob.pe\/home\/wp-json\/wp\/v2\/pages\/120\/revisions\/1871"}],"wp:featuredmedia":[{"embeddable":true,"href":"https:\/\/munitingomaria.gob.pe\/home\/wp-json\/wp\/v2\/media\/1870"}],"wp:attachment":[{"href":"https:\/\/munitingomaria.gob.pe\/home\/wp-json\/wp\/v2\/media?parent=120"}],"curies":[{"name":"wp","href":"https:\/\/api.w.org\/{rel}","templated":true}]}}