{"id":139,"date":"2024-03-13T20:17:34","date_gmt":"2024-03-13T20:17:34","guid":{"rendered":"https:\/\/mplp.clubvendemas.com\/?page_id=139"},"modified":"2024-03-13T20:17:34","modified_gmt":"2024-03-13T20:17:34","slug":"historia","status":"publish","type":"page","link":"https:\/\/munitingomaria.gob.pe\/home\/historia\/","title":{"rendered":"Historia"},"content":{"rendered":"\n<h2 class=\"wp-block-heading\">HISTORIA Y ETIMOLOG\u00cdA<\/h2>\n\n\n\n<p>En el periodo prehisp\u00e1nico a pocos a\u00f1os de la conquista del Per\u00fa, las tierras de Tingo Mar\u00eda fueron entregadas primero a Francisco Mart\u00edn de Alc\u00e1ntara y luego a Antonio de Rivera, pero ninguno tom\u00f3 posesi\u00f3n de \u00e9stas tierras.<\/p>\n\n\n\n<p>Los grupos que viv\u00edan en las antiguas tierras de Tingo Mar\u00eda y en la desembocadura del r\u00edo Monz\u00f3n son los chunchos tingaleses, carapachos, callisecas y los tulumayos (quienes dieron origen al nombre del r\u00edo Tulumayo).<\/p>\n\n\n\n<p>El estado de las tribus que habitaban las tierras de Tingo Mar\u00eda era tan primitiva, puesto que en el siglo XVIII muchos de ellos todav\u00eda andaban desnudos y pintaban sus rostros cuando ten\u00edan que combatir usando flechas y arcos.<\/p>\n\n\n\n<p>En una expedici\u00f3n del capit\u00e1n espa\u00f1ol G\u00f3mez Arias D\u00e1vila encontr\u00f3&nbsp; huellas de algunas toponimias por lo que parece que hubieran tenido un dialecto propio.<\/p>\n\n\n\n<p>Fueron los misioneros franciscanos Fray Luis Jurado y el Padre Francisco de Olivares los primeros en llegar a la zona de la selva, pero se considera al hermano Jer\u00f3nimo Jim\u00e9nez de haber fundado en 1932 el primer pueblo de Tingo Mar\u00eda y la parroquia de San Felipe de los chunchos tingaleses.<\/p>\n\n\n\n<p>Etimolog\u00eda del nombre de Tingo Mar\u00eda<\/p>\n\n\n\n<p><strong>Tinccos: <\/strong> Palabra en quechua que significa la uni\u00f3n de dos r\u00edos (Huallaga y Monz\u00f3n).<\/p>\n\n\n\n<p><\/p>\n\n\n\n<p>Mar\u00eda: En aquella \u00e9poca exist\u00eda una mujer que vend\u00eda comida y daba alojamiento a los viajeros que se trasladaban a trav\u00e9s de canoas por los r\u00edos Monz\u00f3n, Uchiza y Cachicoto; originando el nombre de Tingo Mar\u00eda.<\/p>\n\n\n\n<p><\/p>\n","protected":false},"excerpt":{"rendered":"<p>HISTORIA Y ETIMOLOG\u00cdA En el periodo prehisp\u00e1nico a pocos a\u00f1os de la conquista del Per\u00fa,<\/p>\n","protected":false},"author":1,"featured_media":0,"parent":0,"menu_order":0,"comment_status":"closed","ping_status":"closed","template":"","meta":{"footnotes":""},"class_list":["post-139","page","type-page","status-publish","hentry"],"_links":{"self":[{"href":"https:\/\/munitingomaria.gob.pe\/home\/wp-json\/wp\/v2\/pages\/139","targetHints":{"allow":["GET"]}}],"collection":[{"href":"https:\/\/munitingomaria.gob.pe\/home\/wp-json\/wp\/v2\/pages"}],"about":[{"href":"https:\/\/munitingomaria.gob.pe\/home\/wp-json\/wp\/v2\/types\/page"}],"author":[{"embeddable":true,"href":"https:\/\/munitingomaria.gob.pe\/home\/wp-json\/wp\/v2\/users\/1"}],"replies":[{"embeddable":true,"href":"https:\/\/munitingomaria.gob.pe\/home\/wp-json\/wp\/v2\/comments?post=139"}],"version-history":[{"count":1,"href":"https:\/\/munitingomaria.gob.pe\/home\/wp-json\/wp\/v2\/pages\/139\/revisions"}],"predecessor-version":[{"id":140,"href":"https:\/\/munitingomaria.gob.pe\/home\/wp-json\/wp\/v2\/pages\/139\/revisions\/140"}],"wp:attachment":[{"href":"https:\/\/munitingomaria.gob.pe\/home\/wp-json\/wp\/v2\/media?parent=139"}],"curies":[{"name":"wp","href":"https:\/\/api.w.org\/{rel}","templated":true}]}}