{"id":141,"date":"2024-03-13T20:20:10","date_gmt":"2024-03-13T20:20:10","guid":{"rendered":"https:\/\/mplp.clubvendemas.com\/?page_id=141"},"modified":"2024-03-13T20:20:10","modified_gmt":"2024-03-13T20:20:10","slug":"datos-geograficos","status":"publish","type":"page","link":"https:\/\/munitingomaria.gob.pe\/home\/datos-geograficos\/","title":{"rendered":"Datos Geogr\u00e1ficos"},"content":{"rendered":"\n<p><strong>Ubicaci\u00f3n:\u00a0<\/strong><br>La ciudad de Tingo Mar\u00eda se ubica en el departamento de Hu\u00e1nuco, en el centro oriente del territorio peruano (a 135 km. de la ciudad de Hu\u00e1nuco y a la margen derecha del r\u00edo Huallaga).<\/p>\n\n\n\n<p><strong>Clima:\u00a0<\/strong><\/p>\n\n\n\n<ul class=\"wp-block-list\">\n<li>Es c\u00e1lido y h\u00famedo (tropical), su temperatura promedio es de 24\u00baC.<\/li>\n\n\n\n<li>El calor es intenso en el d\u00eda y disminuye en la noche.<\/li>\n\n\n\n<li>Las precipitaciones fluviales con mayor frecuencia son durante los meses de diciembre hasta abril. Tingo Mar\u00eda est\u00e1 considerado como una de las zonas con mayor frecuencia de lluvias en el pa\u00eds.<\/li>\n<\/ul>\n\n\n\n<p><strong>Superficie:<\/strong><\/p>\n\n\n\n<p>Tiene una superficie de 4,395.46 km2.<\/p>\n\n\n\n<p><strong>Poblaci\u00f3n:<\/strong><\/p>\n\n\n\n<p>La capital de la provincia de Leoncio Prado cuenta aproximadamente con 50,000 habitantes.<\/p>\n\n\n\n<p><strong>V\u00edas de acceso:<\/strong><\/p>\n\n\n\n<p>V\u00eda a\u00e9rea: Por la Corporaci\u00f3n Peruana de Aeropuertos Civiles.<br>De Lima a Tingo Mar\u00eda, el tiempo de vuelo es de aproximadamente 35 minutos.<\/p>\n\n\n\n<p>Terrestre: Las carreteras del Centro Oriente Peruano se encuentran en buen estado, se pueden utilizar las carreteras de diferentes lugares:<\/p>\n\n\n\n<ul class=\"wp-block-list\">\n<li>Lima \u2013 Tingo Mar\u00eda (aproximadamente 10 horas)<\/li>\n\n\n\n<li>Tingo Mar\u00eda \u2013 Pucallpa (300 km.)<\/li>\n\n\n\n<li>Tingo Mar\u00eda \u2013 Juanjui. Se utiliza la carretera Rafael Bela\u00fande Terry (ex marginal de la selva)<\/li>\n<\/ul>\n\n\n\n<p>Fluvial: Se puede transportar a trav\u00e9s de los r\u00edos Huallaga y Monz\u00f3n. &nbsp;<\/p>\n\n\n\n<h2 class=\"wp-block-heading\">Hidrograf\u00eda<\/h2>\n\n\n\n<p><strong>Principales r\u00edos:<\/strong><\/p>\n\n\n\n<p>Huallaga: Nace en el departamento de Pasco. En Hu\u00e1nuco forma un importante valle interandino y en la selva alta forma el valle de Tingo Mar\u00eda.<\/p>\n\n\n\n<p>Posee una gran riqueza ictiol\u00f3gica, siendo navegable en balsas y canoas. En sus riveras se forman playas y arenales donde se celebran las tradicionales fiestas de San Juan.<\/p>\n","protected":false},"excerpt":{"rendered":"<p>Ubicaci\u00f3n:\u00a0La ciudad de Tingo Mar\u00eda se ubica en el departamento de Hu\u00e1nuco, en el centro<\/p>\n","protected":false},"author":1,"featured_media":0,"parent":0,"menu_order":0,"comment_status":"closed","ping_status":"closed","template":"","meta":{"footnotes":""},"class_list":["post-141","page","type-page","status-publish","hentry"],"_links":{"self":[{"href":"https:\/\/munitingomaria.gob.pe\/home\/wp-json\/wp\/v2\/pages\/141","targetHints":{"allow":["GET"]}}],"collection":[{"href":"https:\/\/munitingomaria.gob.pe\/home\/wp-json\/wp\/v2\/pages"}],"about":[{"href":"https:\/\/munitingomaria.gob.pe\/home\/wp-json\/wp\/v2\/types\/page"}],"author":[{"embeddable":true,"href":"https:\/\/munitingomaria.gob.pe\/home\/wp-json\/wp\/v2\/users\/1"}],"replies":[{"embeddable":true,"href":"https:\/\/munitingomaria.gob.pe\/home\/wp-json\/wp\/v2\/comments?post=141"}],"version-history":[{"count":1,"href":"https:\/\/munitingomaria.gob.pe\/home\/wp-json\/wp\/v2\/pages\/141\/revisions"}],"predecessor-version":[{"id":142,"href":"https:\/\/munitingomaria.gob.pe\/home\/wp-json\/wp\/v2\/pages\/141\/revisions\/142"}],"wp:attachment":[{"href":"https:\/\/munitingomaria.gob.pe\/home\/wp-json\/wp\/v2\/media?parent=141"}],"curies":[{"name":"wp","href":"https:\/\/api.w.org\/{rel}","templated":true}]}}