{"id":1531,"date":"2024-08-19T16:41:06","date_gmt":"2024-08-19T16:41:06","guid":{"rendered":"https:\/\/munitingomaria.gob.pe\/home\/?page_id=1531"},"modified":"2024-08-26T22:22:27","modified_gmt":"2024-08-26T22:22:27","slug":"informacion-tributaria","status":"publish","type":"page","link":"https:\/\/munitingomaria.gob.pe\/home\/informacion-tributaria\/","title":{"rendered":"\u00bfQU\u00c9 ES EL IMPUESTO PREDIAL?"},"content":{"rendered":"<div class=\"wp-block-image\">\n<figure class=\"aligncenter size-full\"><a href=\"https:\/\/online.fliphtml5.com\/mromu\/dsru\/#p=10\" target=\"_blank\" rel=\"noreferrer noopener\"><img loading=\"lazy\" decoding=\"async\" width=\"320\" height=\"314\" src=\"https:\/\/munitingomaria.gob.pe\/home\/wp-content\/uploads\/2024\/08\/Cartilla_Tributaria-2024.png\" alt=\"\" class=\"wp-image-1693\" srcset=\"https:\/\/munitingomaria.gob.pe\/home\/wp-content\/uploads\/2024\/08\/Cartilla_Tributaria-2024.png 320w, https:\/\/munitingomaria.gob.pe\/home\/wp-content\/uploads\/2024\/08\/Cartilla_Tributaria-2024-300x294.png 300w\" sizes=\"auto, (max-width: 320px) 100vw, 320px\" \/><\/a><\/figure>\n<\/div>\n\n\n<div class=\"wp-block-tishonator-tab-item-block\"><h3 class=\"tish-tab-item\"><strong>IMPUESTO PREDIAL<\/strong><\/h3><div class=\"tish-tab-content\"><br><strong>\u00bfQU\u00c9 ES EL IMPUESTO PREDIAL?<\/strong><br><br>Es el impuesto de periodicidad anual que grava el valor de los predios urbanos (autoval\u00fao). Se encuentra regulado en la Ley de Tributaci\u00f3n Municipal (cuyo Texto \u00danico Ordenado fue aprobado mediante D.S N\u00b0 156-2004-EF).<br><br><strong>\u00bfQUI\u00c9NES EST\u00c1N OBLIGADOS AL PAGO DEL IMPUESTO PREDIAL?<\/strong><br><br>Las personas naturales o jur\u00eddicas que al 1 de enero de cada a\u00f1o resultan propietarios de predios ubicados en el distrito. Si usted es una persona natural o jur\u00eddica, propietaria de un predio independientemente que lo habite o no, debe pagar su Impuesto Predial.<br><br><strong><strong>\u00bfC\u00d3MO SE CALCULA EL IMPUESTO PREDIAL?<\/strong><\/strong><br><br>La base imponible est\u00e1 constituida por la suma del valor de los predios del contribuyente en el distrito. Esto quiere decir que el contribuyente debe pagar el tributo por varios predios ubicados en el mismo distrito, es decir no se realiza una determinaci\u00f3n individual por cada uno, sino que se toma en conjunto el valor de todos, y solo sobre la suma total obtenida se efect\u00faa la liquidaci\u00f3n del monto que ha de pagar. Sobre esta base imponible se aplica la siguiente escala progresiva acumulativa regulada en el art\u00edculo 13\u00b0 de la Ley de Tributaci\u00f3n Municipal.<br><strong><br>\u00bfQu\u00e9 es la base imponible?<\/strong><br><br>Est\u00e1 constituida por la suma de:<br>\u2022 Valor de la Construcci\u00f3n.<br>\u2022 Valor del terreno.<br>\u2022 Valor de otras instalaciones.<br><br><\/div><\/div>\n\n\n\n<div class=\"wp-block-tishonator-tab-item-block\"><h3 class=\"tish-tab-item\"><br><strong><strong>DECLARACI\u00d3N JURADA<\/strong><\/strong><\/h3><div class=\"tish-tab-content\"><strong><strong>\u00bfCU\u00c1NDO DEBO PRESENTAR MI DECLARACI\u00d3N JURADA?<\/strong><\/strong><br><br>La Declaraci\u00f3n Jurada es el medio por el cual se comunica a la administraci\u00f3n cuando se ha adquirido o modificado un predio. La declaraci\u00f3n tributaria contiene una descripci\u00f3n pormenorizada del predio que permite identificar su valor y as\u00ed determinar el impuesto a pagar.<br><strong><br><strong>PLAZOS DE PRESENTACI\u00d3N<\/strong><\/strong><br><br>Los plazos para la presentaci\u00f3n de las Declaraciones Juradas son los siguientes:<br><br>&#8211; Declaraciones que se encuentren destinadas a la inscripci\u00f3n ya sea por compra, donaci\u00f3n, anticipo de legitima, fallecimiento, permuta, venta y otras transferencias para su registro o exclusi\u00f3n (descargo) del Registro de Contribuyentes de la Municipalidad se realizar\u00e1, hasta el \u00faltimo d\u00eda h\u00e1bil del mes siguiente de producido el hecho.<br><br>&#8211; Recuerde: La presentaci\u00f3n extempor\u00e1nea de la Declaraci\u00f3n Jurada de inscripci\u00f3n, constituye una infracci\u00f3n que se encuentra prevista en el Art\u00edculo 176\u00ba numeral 1) del TUO del C\u00f3digo Tributario vigente. (Multa tributaria S\/ 4,950 Persona Jur\u00eddica y S\/ 2,475 Persona natural).<br><br>&#8211; Declaraciones dirigidas a comunicar la modificaci\u00f3n de la base imponible de los tributos municipales, deber\u00e1n presentarse hasta el \u00faltimo d\u00eda h\u00e1bil del mes siguiente de producido el hecho. Estas modificaciones pueden ser por rectificaci\u00f3n del \u00e1rea construida por no haberla declarado o haber efectuado construcciones nuevas, por modificaci\u00f3n en las categor\u00edas del inmueble o estado de conservaci\u00f3n por remodelaciones o refacciones, y cualquier otra modificaci\u00f3n que aumente o disminuya la base imponible (valor del Inmueble).<br><br>&#8211; Cambio de domicilio fiscal, dentro de los cinco d\u00edas h\u00e1biles siguientes de producido el hecho.<br>Correcci\u00f3n o cambio de nombres o apellidos, dentro de los cinco d\u00edas h\u00e1biles siguientes de obtenida la resoluci\u00f3n judicial o el acta notarial.<br><br>&#8211; Transformaci\u00f3n social, Cambio de raz\u00f3n social, Representante Legal y otras modificaciones de datos declarados respecto a la identificaci\u00f3n del deudor tributario, podr\u00e1n realizarse hasta el \u00faltimo d\u00eda h\u00e1bil del mes siguiente de producido el hecho.<br><br><strong>Recuerde:\u00a0<\/strong>La presentaci\u00f3n extempor\u00e1nea de las Declaraciones Juradas a que se refieren los incisos b) al e), constituye la infracci\u00f3n prevista en el Art\u00edculo 176\u00ba numeral 2 del TUO del C\u00f3digo Tributario vigente. (Multa tributaria S\/ 1,485 Persona Jur\u00eddica y S\/ 742.50 Persona natural).<br><br><\/div><\/div>\n\n\n\n<div class=\"wp-block-tishonator-tab-item-block\"><h3 class=\"tish-tab-item\"><strong><strong><strong>ARBITRIOS MUNICIPALES<\/strong><\/strong><\/strong><\/h3><div class=\"tish-tab-content\"><strong>\u00bfQU\u00c9 SON LOS ARBITRIOS MUNICIPALES?<\/strong><br><br>Son las tasas que se generan por los servicios p\u00fablicos o administrativos prestados a la colectividad, que generan beneficios para los contribuyentes.<br>&#8211; Limpieza P\u00fablica (recolecci\u00f3n de basura, barrido de calles).<br>&#8211; Parques y Jardines.<br>&#8211; Serenazgo.<br><br><strong>\u00bfQUI\u00c9NES EST\u00c1N OBLIGADOS A PAGAR ARBITRIOS MUNICIPALES?<br><\/strong>Los obligados a su pago, son los propietarios de los predios aun cuando no los habiten o se encuentren ocupados por otras personas. La condici\u00f3n del contribuyente se configura el primer d\u00eda calendario de cada mes al que corresponda la obligaci\u00f3n tributaria.<br><br><br><strong>\u00bfPOR QU\u00c9 DEBEN PAGARSE LOS ARBITRIOS MUNICIPALES?<br><\/strong>Para sostener los servicios de limpieza p\u00fablica (barrido de calles y recolecci\u00f3n de residuos s\u00f3lidos), parques y jardines, as\u00ed como el servicio de Serenazgo. El costo de prestaci\u00f3n, es distribuido entre todos los contribuyentes del Distrito. Dichas Tasas son anualmente aprobadas en una Ordenanza Municipal ratificada por la Municipalidad Provincial de Leoncio Prado.<br><br><em><strong>Tenga en cuenta: Cuando el predio es destinado por los propietarios o poseedores a m\u00e1s de un uso diferente se cobrar\u00e1n los Arbitrios Municipales de forma independiente, consider\u00e1ndose el uso destinado a cada una de ellos.<\/strong><\/em><\/div><\/div>\n","protected":false},"excerpt":{"rendered":"","protected":false},"author":1,"featured_media":0,"parent":0,"menu_order":0,"comment_status":"closed","ping_status":"closed","template":"","meta":{"footnotes":""},"class_list":["post-1531","page","type-page","status-publish","hentry"],"_links":{"self":[{"href":"https:\/\/munitingomaria.gob.pe\/home\/wp-json\/wp\/v2\/pages\/1531","targetHints":{"allow":["GET"]}}],"collection":[{"href":"https:\/\/munitingomaria.gob.pe\/home\/wp-json\/wp\/v2\/pages"}],"about":[{"href":"https:\/\/munitingomaria.gob.pe\/home\/wp-json\/wp\/v2\/types\/page"}],"author":[{"embeddable":true,"href":"https:\/\/munitingomaria.gob.pe\/home\/wp-json\/wp\/v2\/users\/1"}],"replies":[{"embeddable":true,"href":"https:\/\/munitingomaria.gob.pe\/home\/wp-json\/wp\/v2\/comments?post=1531"}],"version-history":[{"count":22,"href":"https:\/\/munitingomaria.gob.pe\/home\/wp-json\/wp\/v2\/pages\/1531\/revisions"}],"predecessor-version":[{"id":1704,"href":"https:\/\/munitingomaria.gob.pe\/home\/wp-json\/wp\/v2\/pages\/1531\/revisions\/1704"}],"wp:attachment":[{"href":"https:\/\/munitingomaria.gob.pe\/home\/wp-json\/wp\/v2\/media?parent=1531"}],"curies":[{"name":"wp","href":"https:\/\/api.w.org\/{rel}","templated":true}]}}