{"id":157,"date":"2024-03-13T20:40:05","date_gmt":"2024-03-13T20:40:05","guid":{"rendered":"https:\/\/mplp.clubvendemas.com\/?page_id=157"},"modified":"2024-03-13T21:08:08","modified_gmt":"2024-03-13T21:08:08","slug":"visite-la-ciudad","status":"publish","type":"page","link":"https:\/\/munitingomaria.gob.pe\/home\/visite-la-ciudad\/","title":{"rendered":"Visite la Ciudad"},"content":{"rendered":"\n<div class=\"wp-block-columns alignwide are-vertically-aligned-top is-layout-flex wp-container-core-columns-is-layout-bd0aba32 wp-block-columns-is-layout-flex\">\n<div class=\"wp-block-column is-vertically-aligned-top is-layout-flow wp-block-column-is-layout-flow\">\n<div class=\"wp-block-group wp-container-content-231d8afb is-vertical is-content-justification-left is-nowrap is-layout-flex wp-container-core-group-is-layout-ee1c9ac2 wp-block-group-is-layout-flex\" style=\"margin-top:0;margin-bottom:0\">\n<figure class=\"wp-block-image size-large wp-container-content-0733e5d0\"><img loading=\"lazy\" decoding=\"async\" width=\"1024\" height=\"677\" src=\"https:\/\/mplp.clubvendemas.com\/wp-content\/uploads\/2024\/03\/plaza-de-armas-1024x677.jpg\" alt=\"\" class=\"wp-image-158\" srcset=\"https:\/\/munitingomaria.gob.pe\/home\/wp-content\/uploads\/2024\/03\/plaza-de-armas-1024x677.jpg 1024w, https:\/\/munitingomaria.gob.pe\/home\/wp-content\/uploads\/2024\/03\/plaza-de-armas-300x198.jpg 300w, https:\/\/munitingomaria.gob.pe\/home\/wp-content\/uploads\/2024\/03\/plaza-de-armas-768x508.jpg 768w, https:\/\/munitingomaria.gob.pe\/home\/wp-content\/uploads\/2024\/03\/plaza-de-armas.jpg 1440w\" sizes=\"auto, (max-width: 1024px) 100vw, 1024px\" \/><\/figure>\n\n\n\n<div class=\"wp-block-group is-vertical is-nowrap is-layout-flex wp-container-core-group-is-layout-ebc71d8e wp-block-group-is-layout-flex\">\n<p class=\"has-medium-font-size\"><strong>PLAZA DE ARMAS<\/strong><\/p>\n\n\n\n<p class=\"has-text-align-center has-small-font-size\">Moderna estructura arquitect\u00f3nica del Siglo XX, formado por un arco que expresa la puerta de entrada a la Amazon\u00eda Peruana; sus alamedas que acompa\u00f1an a la Plaza de Armas esta poblado por impresionantes palmeras y aguajes. Construida hace aproximadamente 30 a\u00f1os, all\u00ed se dan cita todos los turistas que llegan de diversas partes del pa\u00eds y del extranjero, para disfrutar de una vista panor\u00e1mica de la ciudad de la Bella Durmiente y observar el moderno Palacio Municipal y la Iglesia Santa Teresita del Ni\u00f1o Jes\u00fas. En la Alameda Per\u00fa se encuentra la Plazuela \u201cEl Colono\u201d, la Plaza Mayor y una impresionante estatua del h\u00e9roe Leoncio Prado Guti\u00e9rrez.<\/p>\n<\/div>\n<\/div>\n<\/div>\n\n\n\n<div class=\"wp-block-column is-vertically-aligned-top is-layout-flow wp-block-column-is-layout-flow\">\n<div class=\"wp-block-group wp-container-content-231d8afb is-vertical is-layout-flex wp-container-core-group-is-layout-692d0fb7 wp-block-group-is-layout-flex\" style=\"margin-top:0;margin-bottom:0\">\n<div class=\"wp-block-group is-vertical is-nowrap is-layout-flex wp-container-core-group-is-layout-ebc71d8e wp-block-group-is-layout-flex\">\n<div style=\"height:0px\" aria-hidden=\"true\" class=\"wp-block-spacer wp-container-content-f96796aa\"><\/div>\n\n\n\n<p class=\"has-medium-font-size\"><strong>IGLESIA SANTA TERESITA DEL NI\u00d1O JES\u00daS<\/strong><\/p>\n\n\n\n<p class=\"has-text-align-center has-small-font-size\">Es el templo mas antiguo de Tingo Mar\u00eda, fundado en Octubre de 1944, por ello se eligi\u00f3 a Santa Teresita del Ni\u00f1o Jes\u00fas como patrona del lugar ya que su celebraci\u00f3n se lleva a cabo en el mismo mes.<\/p>\n\n\n\n<p class=\"has-text-align-center has-small-font-size\"> Fueron los sacerdotes franciscanos canadienses, quienes hicieron posible la construcci\u00f3n de este templo que reci\u00e9n concluyo en marzo de 1961. <\/p>\n\n\n\n<p class=\"has-text-align-center has-small-font-size\">A Santa Teresita del Ni\u00f1o Jes\u00fas se le conoce como el templo de Tingo Mar\u00eda y actualmente cuenta con un convento adyacente y un colegio particular. Pero Santa Teresita del Ni\u00f1o Jes\u00fas no es el \u00fanico templo, tambi\u00e9n esta la Iglesia de la Inmaculada en el caser\u00edo de Afilador.<\/p>\n<\/div>\n\n\n\n<figure class=\"wp-block-image size-full\" style=\"font-size:14px\"><img loading=\"lazy\" decoding=\"async\" width=\"360\" height=\"260\" src=\"https:\/\/mplp.clubvendemas.com\/wp-content\/uploads\/2024\/03\/igle1_0.jpg\" alt=\"\" class=\"wp-image-159\" srcset=\"https:\/\/munitingomaria.gob.pe\/home\/wp-content\/uploads\/2024\/03\/igle1_0.jpg 360w, https:\/\/munitingomaria.gob.pe\/home\/wp-content\/uploads\/2024\/03\/igle1_0-300x217.jpg 300w\" sizes=\"auto, (max-width: 360px) 100vw, 360px\" \/><\/figure>\n<\/div>\n<\/div>\n<\/div>\n\n\n\n<div class=\"wp-block-columns alignwide are-vertically-aligned-top is-layout-flex wp-container-core-columns-is-layout-bd0aba32 wp-block-columns-is-layout-flex\">\n<div class=\"wp-block-column is-vertically-aligned-top is-layout-flow wp-block-column-is-layout-flow\">\n<div class=\"wp-block-group wp-container-content-231d8afb is-vertical is-content-justification-left is-nowrap is-layout-flex wp-container-core-group-is-layout-ee1c9ac2 wp-block-group-is-layout-flex\" style=\"margin-top:0;margin-bottom:0\">\n<figure class=\"wp-block-image size-large wp-container-content-0733e5d0\"><img loading=\"lazy\" decoding=\"async\" width=\"1024\" height=\"768\" src=\"https:\/\/mplp.clubvendemas.com\/wp-content\/uploads\/2024\/03\/000243936W-1024x768.jpg\" alt=\"\" class=\"wp-image-167\" srcset=\"https:\/\/munitingomaria.gob.pe\/home\/wp-content\/uploads\/2024\/03\/000243936W-1024x768.jpg 1024w, https:\/\/munitingomaria.gob.pe\/home\/wp-content\/uploads\/2024\/03\/000243936W-300x225.jpg 300w, https:\/\/munitingomaria.gob.pe\/home\/wp-content\/uploads\/2024\/03\/000243936W-768x576.jpg 768w, https:\/\/munitingomaria.gob.pe\/home\/wp-content\/uploads\/2024\/03\/000243936W-1536x1152.jpg 1536w, https:\/\/munitingomaria.gob.pe\/home\/wp-content\/uploads\/2024\/03\/000243936W-200x150.jpg 200w, https:\/\/munitingomaria.gob.pe\/home\/wp-content\/uploads\/2024\/03\/000243936W.jpg 1800w\" sizes=\"auto, (max-width: 1024px) 100vw, 1024px\" \/><\/figure>\n\n\n\n<div class=\"wp-block-group is-vertical is-nowrap is-layout-flex wp-container-core-group-is-layout-ebc71d8e wp-block-group-is-layout-flex\">\n<p class=\"has-medium-font-size\"><strong>R\u00cdO HUALLAGA<\/strong><\/p>\n\n\n\n<p class=\"has-text-align-center has-small-font-size\">El r\u00edo Huallaga es una de los m\u00e1s grandes de la Selva, a excepci\u00f3n del Amazonas. Tiene de doscientos a trescientos metros de ancho y su nacimiento se produce en una meseta de la Cordillera de los Andes.<\/p>\n\n\n\n<p class=\"has-text-align-center has-small-font-size\">La presencia del Huallaga en la Provincia de Leoncio Prado permite que otros r\u00edos desemboquen en el a lo largo de todo su recorrido por esta zona. R\u00edos como el Monz\u00f3n, Aucayacu, Tulumayo y Cuchara. Es uno de los atractivos tur\u00edsticos y en su recorrido permite llegar a diferentes parajes a lo largo de la provincia de Leoncio Prado.<\/p>\n<\/div>\n<\/div>\n<\/div>\n\n\n\n<div class=\"wp-block-column is-vertically-aligned-top is-layout-flow wp-block-column-is-layout-flow\">\n<div class=\"wp-block-group wp-container-content-231d8afb is-vertical is-layout-flex wp-container-core-group-is-layout-692d0fb7 wp-block-group-is-layout-flex\" style=\"margin-top:0;margin-bottom:0\">\n<div class=\"wp-block-group is-vertical is-nowrap is-layout-flex wp-container-core-group-is-layout-ebc71d8e wp-block-group-is-layout-flex\">\n<div style=\"height:0px\" aria-hidden=\"true\" class=\"wp-block-spacer wp-container-content-f96796aa\"><\/div>\n\n\n\n<p class=\"has-medium-font-size\"><strong>JARD\u00cdN BOT\u00c1NICO<\/strong><\/p>\n\n\n\n<p class=\"has-text-align-center has-small-font-size\">Ubicado en el per\u00edmetro de la ciudad, es un bosque en miniatura con una extensi\u00f3n de 5 has. Aprox., con mas de 7,500 especies de flora tropical, forestal, ornamental y plantas silvestres que han sido seleccionadas y clasificadas cuidadosamente por los profesionales de la UNAS. <\/p>\n\n\n\n<p class=\"has-text-align-center has-small-font-size\">Adem\u00e1s hay algunas especies de monos, loros y diversidad de aves de la selva.<\/p>\n<\/div>\n\n\n\n<figure class=\"wp-block-image size-full\" style=\"font-size:14px\"><img loading=\"lazy\" decoding=\"async\" width=\"360\" height=\"260\" src=\"https:\/\/mplp.clubvendemas.com\/wp-content\/uploads\/2024\/03\/jardinbotanico_0.jpg\" alt=\"\" class=\"wp-image-166\" srcset=\"https:\/\/munitingomaria.gob.pe\/home\/wp-content\/uploads\/2024\/03\/jardinbotanico_0.jpg 360w, https:\/\/munitingomaria.gob.pe\/home\/wp-content\/uploads\/2024\/03\/jardinbotanico_0-300x217.jpg 300w\" sizes=\"auto, (max-width: 360px) 100vw, 360px\" \/><\/figure>\n<\/div>\n<\/div>\n<\/div>\n\n\n\n<div class=\"wp-block-columns alignwide are-vertically-aligned-top is-layout-flex wp-container-core-columns-is-layout-bd0aba32 wp-block-columns-is-layout-flex\">\n<div class=\"wp-block-column is-vertically-aligned-top is-layout-flow wp-block-column-is-layout-flow\">\n<div class=\"wp-block-group wp-container-content-231d8afb is-vertical is-content-justification-left is-nowrap is-layout-flex wp-container-core-group-is-layout-ee1c9ac2 wp-block-group-is-layout-flex\" style=\"margin-top:0;margin-bottom:0\">\n<figure class=\"wp-block-image size-full wp-container-content-0733e5d0\"><img loading=\"lazy\" decoding=\"async\" width=\"768\" height=\"512\" src=\"https:\/\/mplp.clubvendemas.com\/wp-content\/uploads\/2024\/03\/b2-768x512-1.jpg\" alt=\"\" class=\"wp-image-171\" srcset=\"https:\/\/munitingomaria.gob.pe\/home\/wp-content\/uploads\/2024\/03\/b2-768x512-1.jpg 768w, https:\/\/munitingomaria.gob.pe\/home\/wp-content\/uploads\/2024\/03\/b2-768x512-1-300x200.jpg 300w\" sizes=\"auto, (max-width: 768px) 100vw, 768px\" \/><\/figure>\n\n\n\n<div class=\"wp-block-group is-vertical is-nowrap is-layout-flex wp-container-core-group-is-layout-ebc71d8e wp-block-group-is-layout-flex\">\n<p class=\"has-medium-font-size\"><strong>MUSEO DE ZOOLOG\u00cdA<\/strong><\/p>\n\n\n\n<p class=\"has-text-align-center has-small-font-size\">La Universidad Nacional Agraria de la Selva\u00a0 &#8211; UNAS &#8211; cuenta con un Museo de Zoolog\u00eda que permite a sus alumnos estudiar y complementar sus conocimientos te\u00f3ricos sobre las especies de animales m\u00e1s conocidos de la regi\u00f3n selv\u00e1tica. Es uno de los atractivos tur\u00edsticos culturales m\u00e1s preciados de la zona, entre las especies que se exhiben se encuentran mam\u00edferos, anfibios, reptiles, aves, peces, y artr\u00f3podos y un sinn\u00famero de insectos entre los que destacan las bellas mariposas de la regi\u00f3n. <\/p>\n\n\n\n<p class=\"has-text-align-center has-small-font-size\">Igualmente permite a los turistas nacionales, extranjeros y publico de la localidad conocer las caracter\u00edsticas m\u00e1s importantes de especies nunca vistas directamente por ellos, deleit\u00e1ndose con los maravillosos encantos que la naturaleza ha prodigado a ciertos animales. <\/p>\n\n\n\n<p class=\"has-text-align-center has-small-font-size\">Este Museo se considera como los de tipo exposici\u00f3n ya que los especimenes taxidermizados y catalogados, pueden ser observados directamente por los visitantes, sin embargo; se cuenta con cierto n\u00famero de especies en duplicado reservadas estrictamente para ser estudiadas por investigadores.<\/p>\n<\/div>\n<\/div>\n<\/div>\n\n\n\n<div class=\"wp-block-column is-vertically-aligned-top is-layout-flow wp-block-column-is-layout-flow\">\n<div class=\"wp-block-group wp-container-content-231d8afb is-vertical is-layout-flex wp-container-core-group-is-layout-692d0fb7 wp-block-group-is-layout-flex\" style=\"margin-top:0;margin-bottom:0\">\n<div class=\"wp-block-group is-vertical is-nowrap is-layout-flex wp-container-core-group-is-layout-ebc71d8e wp-block-group-is-layout-flex\">\n<div style=\"height:0px\" aria-hidden=\"true\" class=\"wp-block-spacer wp-container-content-f96796aa\"><\/div>\n\n\n\n<p class=\"has-medium-font-size\"><strong>ZOOCRIADERO UNAS<\/strong><\/p>\n\n\n\n<p class=\"has-text-align-center has-small-font-size\">El Zoocriadero constituye el inicio de un zool\u00f3gico que por tener recursos de agua, flora, topograf\u00eda variable y ambientes adecuados para animales, le permite cumplir objetivos como de recibir y cuidar especies en peligro de extinci\u00f3n que son decomisados por las autoridades competentes, para posteriormente retornarles a su ambiente natural.<\/p>\n<\/div>\n\n\n\n<figure class=\"wp-block-image size-full\" style=\"font-size:14px\"><img loading=\"lazy\" decoding=\"async\" width=\"360\" height=\"260\" src=\"https:\/\/mplp.clubvendemas.com\/wp-content\/uploads\/2024\/03\/zoocriadero.jpg\" alt=\"\" class=\"wp-image-168\" srcset=\"https:\/\/munitingomaria.gob.pe\/home\/wp-content\/uploads\/2024\/03\/zoocriadero.jpg 360w, https:\/\/munitingomaria.gob.pe\/home\/wp-content\/uploads\/2024\/03\/zoocriadero-300x217.jpg 300w\" sizes=\"auto, (max-width: 360px) 100vw, 360px\" \/><\/figure>\n<\/div>\n\n\n\n<p><\/p>\n\n\n\n<p><\/p>\n\n\n\n<div class=\"wp-block-group wp-container-content-231d8afb is-vertical is-layout-flex wp-container-core-group-is-layout-692d0fb7 wp-block-group-is-layout-flex\" style=\"margin-top:0;margin-bottom:0\">\n<p class=\"has-medium-font-size\"><strong>SERPENTARIO \u201cANIMALS\u00b4 PARADISE\u201d<\/strong><\/p>\n\n\n\n<p class=\"has-text-align-center has-small-font-size\">Es el Primer Centro Especializado en la Crianza y Reproducci\u00f3n de Serpientes del Per\u00fa, aprobado mediante Resoluci\u00f3n Administrativa N\u00b0 140-2003-INRENA-IFFS-TM, del 28-AGO-2003, e inaugurado el 24-OCT-2003, ESTA ubicado en el Distrito de Castillo Grande (Altura y a Espaldas de La Lagunita).<\/p>\n\n\n\n<figure class=\"wp-block-image size-full\" style=\"font-size:14px\"><img loading=\"lazy\" decoding=\"async\" width=\"768\" height=\"1024\" src=\"https:\/\/mplp.clubvendemas.com\/wp-content\/uploads\/2024\/03\/animal-paradise-el-serpentario-huanuco.jpg\" alt=\"\" class=\"wp-image-169\" srcset=\"https:\/\/munitingomaria.gob.pe\/home\/wp-content\/uploads\/2024\/03\/animal-paradise-el-serpentario-huanuco.jpg 768w, https:\/\/munitingomaria.gob.pe\/home\/wp-content\/uploads\/2024\/03\/animal-paradise-el-serpentario-huanuco-225x300.jpg 225w\" sizes=\"auto, (max-width: 768px) 100vw, 768px\" \/><\/figure>\n<\/div>\n<\/div>\n<\/div>\n","protected":false},"excerpt":{"rendered":"<p>PLAZA DE ARMAS Moderna estructura arquitect\u00f3nica del Siglo XX, formado por un arco que expresa<\/p>\n","protected":false},"author":1,"featured_media":0,"parent":0,"menu_order":0,"comment_status":"closed","ping_status":"closed","template":"","meta":{"footnotes":""},"class_list":["post-157","page","type-page","status-publish","hentry"],"_links":{"self":[{"href":"https:\/\/munitingomaria.gob.pe\/home\/wp-json\/wp\/v2\/pages\/157","targetHints":{"allow":["GET"]}}],"collection":[{"href":"https:\/\/munitingomaria.gob.pe\/home\/wp-json\/wp\/v2\/pages"}],"about":[{"href":"https:\/\/munitingomaria.gob.pe\/home\/wp-json\/wp\/v2\/types\/page"}],"author":[{"embeddable":true,"href":"https:\/\/munitingomaria.gob.pe\/home\/wp-json\/wp\/v2\/users\/1"}],"replies":[{"embeddable":true,"href":"https:\/\/munitingomaria.gob.pe\/home\/wp-json\/wp\/v2\/comments?post=157"}],"version-history":[{"count":7,"href":"https:\/\/munitingomaria.gob.pe\/home\/wp-json\/wp\/v2\/pages\/157\/revisions"}],"predecessor-version":[{"id":173,"href":"https:\/\/munitingomaria.gob.pe\/home\/wp-json\/wp\/v2\/pages\/157\/revisions\/173"}],"wp:attachment":[{"href":"https:\/\/munitingomaria.gob.pe\/home\/wp-json\/wp\/v2\/media?parent=157"}],"curies":[{"name":"wp","href":"https:\/\/api.w.org\/{rel}","templated":true}]}}