{"id":3036,"date":"2024-11-04T16:51:40","date_gmt":"2024-11-04T16:51:40","guid":{"rendered":"https:\/\/munitingomaria.gob.pe\/home\/?page_id=3036"},"modified":"2026-03-20T21:39:23","modified_gmt":"2026-03-20T21:39:23","slug":"integridad-institucional","status":"publish","type":"page","link":"https:\/\/munitingomaria.gob.pe\/home\/integridad-institucional\/","title":{"rendered":"Integridad Institucional"},"content":{"rendered":"\n<figure class=\"wp-block-image size-full\"><img loading=\"lazy\" decoding=\"async\" width=\"900\" height=\"428\" src=\"https:\/\/munitingomaria.gob.pe\/home\/wp-content\/uploads\/2024\/11\/imagen-comunidad.png\" alt=\"\" class=\"wp-image-3038\" srcset=\"https:\/\/munitingomaria.gob.pe\/home\/wp-content\/uploads\/2024\/11\/imagen-comunidad.png 900w, https:\/\/munitingomaria.gob.pe\/home\/wp-content\/uploads\/2024\/11\/imagen-comunidad-300x143.png 300w, https:\/\/munitingomaria.gob.pe\/home\/wp-content\/uploads\/2024\/11\/imagen-comunidad-768x365.png 768w\" sizes=\"auto, (max-width: 900px) 100vw, 900px\" \/><\/figure>\n\n\n\n<hr class=\"wp-block-separator has-alpha-channel-opacity\"\/>\n\n\n\n<p>La Oficina de Integridad Institucional, es la unidad org\u00e1nica de apoyo al OCI de la Municipalidad Provincial de Leoncio Prado, que asume las labores de promoci\u00f3n de la integridad y \u00e9tica institucional. Es responsable de generar las condiciones \u00f3ptimas y adecuadas para la implementaci\u00f3n de pol\u00edticas en materia de integridad \u00e9tica p\u00fablica, como parte de las acciones de prevenci\u00f3n y lucha contra la corrupci\u00f3n en la Municipalidad Provincial de Leoncio Prado.<\/p>\n\n\n\n<div data-wp-interactive=\"core\/file\" class=\"wp-block-file\"><object data-wp-bind--hidden=\"!state.hasPdfPreview\" hidden class=\"wp-block-file__embed\" data=\"https:\/\/munitingomaria.gob.pe\/home\/wp-content\/uploads\/2024\/11\/ACTA-DE-COMPROMISO.pdf\" type=\"application\/pdf\" style=\"width:100%;height:600px\" aria-label=\"Incrustado de ACTA-DE-COMPROMISO.\"><\/object><a id=\"wp-block-file--media-fac6b116-82ab-48d6-929d-15cffe762eb5\" href=\"https:\/\/munitingomaria.gob.pe\/home\/wp-content\/uploads\/2024\/11\/ACTA-DE-COMPROMISO.pdf\">ACTA-DE-COMPROMISO<\/a><a href=\"https:\/\/munitingomaria.gob.pe\/home\/wp-content\/uploads\/2024\/11\/ACTA-DE-COMPROMISO.pdf\" class=\"wp-block-file__button wp-element-button\" download aria-describedby=\"wp-block-file--media-fac6b116-82ab-48d6-929d-15cffe762eb5\">Descarga<\/a><\/div>\n\n\n\n<hr class=\"wp-block-separator has-alpha-channel-opacity\"\/>\n\n\n\n<p><strong>COORDINADOR DE LA UNIDAD FUNCIONAL DE INTEGRIDAD INSTITUCIONAL DE LA MUNICIPALIDAD PROVINCIAL DE LEONCIO PRADO<\/strong><\/p>\n\n\n\n<div class=\"wp-block-file aligncenter\"><a id=\"wp-block-file--media-a0b8f48d-e0d3-4737-ae7e-80ce3710a819\" href=\"https:\/\/munitingomaria.gob.pe\/home\/wp-content\/uploads\/2024\/11\/ACUERDO-DE-CONCEJO-N\u00b0-111-2024-MPLP.pdf\">ACUERDO-DE-CONCEJO-N\u00b0-111-2024-MPLP<\/a><a href=\"https:\/\/munitingomaria.gob.pe\/home\/wp-content\/uploads\/2024\/11\/ACUERDO-DE-CONCEJO-N\u00b0-111-2024-MPLP.pdf\" class=\"wp-block-file__button wp-element-button\" download aria-describedby=\"wp-block-file--media-a0b8f48d-e0d3-4737-ae7e-80ce3710a819\">Descarga<\/a><\/div>\n\n\n\n<hr class=\"wp-block-separator has-alpha-channel-opacity\"\/>\n\n\n\n<p><strong>GU\u00cdA METODOL\u00d3GICA DE GESTI\u00d3N DE RIESGOS PARA EL SISTEMA DE CONTROL INTERNO DE LA MUNICIPALIDAD PROVINCIAL DE LEONCIO PRADO<\/strong><\/p>\n\n\n\n<p><a href=\"https:\/\/munitingomaria.gob.pe\/sisarchivo\/download.php?file=uploads\/Resolucion%20de%20Gerencia%20Municipal\/pdf-285-SinNumero-183-2021.pdf\">RESOLUCI\u00d3N GERENCIAL N\u00b0068-2021-MPLP\/GM<\/a> <\/p>\n\n\n\n<hr class=\"wp-block-separator has-alpha-channel-opacity\"\/>\n\n\n\n<p><strong>DIRECTIVA N\u00b0 001-2024-011-GM\/MPLP, POLITICA ANTISOBORNO DE LA MUNICIPALIDAD PROVINCIAL DE LEONCIO<\/strong><\/p>\n\n\n\n<p><a href=\"https:\/\/munitingomaria.gob.pe\/sisarchivo\/\/download.php?file=uploads\/Resoluciones%20de%20alcald%C3%ADa\/RESOLUCI%C3%93N%20DE%20ALCALD%C3%8DA%20N%C2%B0874-2024-MPLP.pdf\">RESOLUCI\u00d3N DE ALCALD\u00cdA N\u00b0874-2024-MPLP<\/a> <\/p>\n\n\n\n<hr class=\"wp-block-separator has-alpha-channel-opacity\"\/>\n\n\n\n<p><strong>PROGRAMA DE INTEGRIDAD DE LA MUNICIPALIDAD PROVINCIAL DE LEONCIO PRADO 2025<\/strong><\/p>\n\n\n\n<p><a href=\"https:\/\/munitingomaria.gob.pe\/sisarchivo\/\/download.php?file=uploads\/Resoluciones%20de%20alcald%C3%ADa\/RESOLUCI%C3%93N%20DE%20ALCALD%C3%8DA%20N%C2%B0325-2025-MPLP.pdf\">RESOLUCI\u00d3N DE ALCALD\u00cdA N\u00b0325-2024-MPLP<\/a><\/p>\n\n\n\n<hr class=\"wp-block-separator has-alpha-channel-opacity\"\/>\n\n\n\n<p><strong>CRECI\u00d3N DE LA UNIDAD FUNCIONAL DE INTEGRIDAD INSTITUCIONAL DE LA MUNICIPALIDAD PROVINCIAL DE LEONCIO PRADO 2025<\/strong><\/p>\n\n\n\n<p><a href=\"https:\/\/munitingomaria.gob.pe\/sisarchivo\/download.php?file=uploads\/Resolucion%20de%20Gerencia%20Municipal\/RESOLUCION%20GERENCIAL%20N%C2%BA007-2022-MPLP-GM.pdf\">RESOLUCI\u00d3N DE GERENCIAL N\u00b0007-2024-MPLP-GM<\/a><\/p>\n\n\n\n<hr class=\"wp-block-separator has-alpha-channel-opacity\"\/>\n\n\n\n<p><strong>REPOSITORIO DE LOS ARCHIVOS EMITIDOS LA OFICINA DE INTEGRIDAD DE LA MUNICIPALIDAD PROVINCIAL DE LEONCIO PRADO 2025<\/strong><\/p>\n\n\n\n<p><a href=\"https:\/\/munitingomaria.gob.pe\/sisarchivo\/\/view_files_path.php?category=36\">VER EN GESTOR DE ARCHIVOS MPLP <\/a><\/p>\n\n\n<div class=\"wp-block-image\">\n<figure class=\"aligncenter size-full is-resized\"><a href=\"https:\/\/www.gob.pe\/institucion\/munileoncioprado\/colecciones\/95085-integridad-institucional\" target=\"_blank\" rel=\" noreferrer noopener\"><img loading=\"lazy\" decoding=\"async\" width=\"300\" height=\"105\" src=\"https:\/\/munitingomaria.gob.pe\/home\/wp-content\/uploads\/2026\/03\/gob-pe-removebg-preview.png\" alt=\"\" class=\"wp-image-5529\" style=\"width:201px;height:auto\"\/><\/a><\/figure>\n<\/div>\n\n\n<p><\/p>\n","protected":false},"excerpt":{"rendered":"<p>La Oficina de Integridad Institucional, es la unidad org\u00e1nica de apoyo al OCI de la<\/p>\n","protected":false},"author":1,"featured_media":0,"parent":0,"menu_order":0,"comment_status":"closed","ping_status":"closed","template":"","meta":{"footnotes":""},"class_list":["post-3036","page","type-page","status-publish","hentry"],"_links":{"self":[{"href":"https:\/\/munitingomaria.gob.pe\/home\/wp-json\/wp\/v2\/pages\/3036","targetHints":{"allow":["GET"]}}],"collection":[{"href":"https:\/\/munitingomaria.gob.pe\/home\/wp-json\/wp\/v2\/pages"}],"about":[{"href":"https:\/\/munitingomaria.gob.pe\/home\/wp-json\/wp\/v2\/types\/page"}],"author":[{"embeddable":true,"href":"https:\/\/munitingomaria.gob.pe\/home\/wp-json\/wp\/v2\/users\/1"}],"replies":[{"embeddable":true,"href":"https:\/\/munitingomaria.gob.pe\/home\/wp-json\/wp\/v2\/comments?post=3036"}],"version-history":[{"count":11,"href":"https:\/\/munitingomaria.gob.pe\/home\/wp-json\/wp\/v2\/pages\/3036\/revisions"}],"predecessor-version":[{"id":5532,"href":"https:\/\/munitingomaria.gob.pe\/home\/wp-json\/wp\/v2\/pages\/3036\/revisions\/5532"}],"wp:attachment":[{"href":"https:\/\/munitingomaria.gob.pe\/home\/wp-json\/wp\/v2\/media?parent=3036"}],"curies":[{"name":"wp","href":"https:\/\/api.w.org\/{rel}","templated":true}]}}