{"id":3127,"date":"2024-11-14T16:25:29","date_gmt":"2024-11-14T16:25:29","guid":{"rendered":"https:\/\/munitingomaria.gob.pe\/home\/?page_id=3127"},"modified":"2024-12-12T16:17:40","modified_gmt":"2024-12-12T16:17:40","slug":"tupa","status":"publish","type":"page","link":"https:\/\/munitingomaria.gob.pe\/home\/tupa\/","title":{"rendered":"TUPA &#8211; Texto \u00danico de Procedimientos Administrativos"},"content":{"rendered":"\n<p class=\"has-text-align-center\"><img loading=\"lazy\" decoding=\"async\" width=\"48\" height=\"24\" class=\"wp-image-1688\" style=\"width: 48px;\" src=\"https:\/\/munitingomaria.gob.pe\/home\/wp-content\/uploads\/2024\/08\/new-sign.gif\" alt=\"\">  <\/p>\n\n\n\n<p class=\"has-text-align-center\">Para poder ingresar al TUPA de la Municipalidad Provincial de Leoncio Prado, ahora tenemos un tupa digital donde te permitir\u00e1 hacer una b\u00fasqueda f\u00e1cil y lo puede hacer a trav\u00e9s del siguiente enlace.  <\/p>\n\n\n<div class=\"wp-block-image\">\n<figure class=\"aligncenter size-full\"><a href=\"https:\/\/munitingomaria.gob.pe\/tupa\/\" target=\"_blank\" rel=\"noreferrer noopener\"><img loading=\"lazy\" decoding=\"async\" width=\"350\" height=\"142\" src=\"https:\/\/munitingomaria.gob.pe\/home\/wp-content\/uploads\/2024\/11\/boton_tupadigital.png\" alt=\"\" class=\"wp-image-3130\" srcset=\"https:\/\/munitingomaria.gob.pe\/home\/wp-content\/uploads\/2024\/11\/boton_tupadigital.png 350w, https:\/\/munitingomaria.gob.pe\/home\/wp-content\/uploads\/2024\/11\/boton_tupadigital-300x122.png 300w\" sizes=\"auto, (max-width: 350px) 100vw, 350px\" \/><\/a><\/figure>\n<\/div>\n\n\n<hr class=\"wp-block-separator has-alpha-channel-opacity\"\/>\n\n\n\n<div class=\"wp-block-file\"><a id=\"wp-block-file--media-971d4f37-3b37-4888-85a2-e44e7bcb910a\" href=\"https:\/\/munitingomaria.gob.pe\/home\/wp-content\/uploads\/2024\/11\/FUT-MPLP.pdf\"><img loading=\"lazy\" decoding=\"async\" width=\"30\" height=\"31\" class=\"wp-image-1081\" style=\"width: 30px;\" src=\"https:\/\/munitingomaria.gob.pe\/home\/wp-content\/uploads\/2024\/07\/pngegg_02.png\" alt=\"\"> FUT-MPLP<\/a><a href=\"https:\/\/munitingomaria.gob.pe\/home\/wp-content\/uploads\/2024\/11\/FUT-MPLP.pdf\" class=\"wp-block-file__button wp-element-button\" download aria-describedby=\"wp-block-file--media-971d4f37-3b37-4888-85a2-e44e7bcb910a\">Descarga<\/a><\/div>\n\n\n\n<div class=\"wp-block-file\"><a id=\"wp-block-file--media-567c44f5-75cf-47a5-8abd-5b1ce72a751d\" href=\"https:\/\/munitingomaria.gob.pe\/home\/wp-content\/uploads\/2024\/11\/TUPA-MUNICIPALIDAD-PROVINCIAL-DE-LEONCIO-PRADO-2.pdf\" target=\"_blank\" rel=\"noreferrer noopener\"><img loading=\"lazy\" decoding=\"async\" width=\"30\" height=\"31\" class=\"wp-image-1081\" style=\"width: 30px;\" src=\"https:\/\/munitingomaria.gob.pe\/home\/wp-content\/uploads\/2024\/07\/pngegg_02.png\" alt=\"\"> TUPA-MUNICIPALIDAD-PROVINCIAL-DE-LEONCIO-PRADO-2<\/a><a href=\"https:\/\/munitingomaria.gob.pe\/home\/wp-content\/uploads\/2024\/11\/TUPA-MUNICIPALIDAD-PROVINCIAL-DE-LEONCIO-PRADO-2.pdf\" class=\"wp-block-file__button wp-element-button\" download aria-describedby=\"wp-block-file--media-567c44f5-75cf-47a5-8abd-5b1ce72a751d\">Descarga<\/a><\/div>\n\n\n\n<div class=\"wp-block-file\"><a id=\"wp-block-file--media-67ec16cf-5206-4815-9166-5cfdd5e17981\" href=\"https:\/\/munitingomaria.gob.pe\/home\/wp-content\/uploads\/2024\/12\/Formularios-TUPAMPLP2023.pdf\" target=\"_blank\" rel=\"noreferrer noopener\"><img loading=\"lazy\" decoding=\"async\" width=\"30\" height=\"31\" class=\"wp-image-1081\" style=\"width: 30px;\" src=\"https:\/\/munitingomaria.gob.pe\/home\/wp-content\/uploads\/2024\/07\/pngegg_02.png\" alt=\"\"> Formularios-TUPAMPLP2023<\/a><a href=\"https:\/\/munitingomaria.gob.pe\/home\/wp-content\/uploads\/2024\/12\/Formularios-TUPAMPLP2023.pdf\" class=\"wp-block-file__button wp-element-button\" download aria-describedby=\"wp-block-file--media-67ec16cf-5206-4815-9166-5cfdd5e17981\">Descarga<\/a><\/div>\n","protected":false},"excerpt":{"rendered":"<p>Para poder ingresar al TUPA de la Municipalidad Provincial de Leoncio Prado, ahora tenemos un<\/p>\n","protected":false},"author":1,"featured_media":0,"parent":0,"menu_order":0,"comment_status":"closed","ping_status":"closed","template":"","meta":{"footnotes":""},"class_list":["post-3127","page","type-page","status-publish","hentry"],"_links":{"self":[{"href":"https:\/\/munitingomaria.gob.pe\/home\/wp-json\/wp\/v2\/pages\/3127","targetHints":{"allow":["GET"]}}],"collection":[{"href":"https:\/\/munitingomaria.gob.pe\/home\/wp-json\/wp\/v2\/pages"}],"about":[{"href":"https:\/\/munitingomaria.gob.pe\/home\/wp-json\/wp\/v2\/types\/page"}],"author":[{"embeddable":true,"href":"https:\/\/munitingomaria.gob.pe\/home\/wp-json\/wp\/v2\/users\/1"}],"replies":[{"embeddable":true,"href":"https:\/\/munitingomaria.gob.pe\/home\/wp-json\/wp\/v2\/comments?post=3127"}],"version-history":[{"count":8,"href":"https:\/\/munitingomaria.gob.pe\/home\/wp-json\/wp\/v2\/pages\/3127\/revisions"}],"predecessor-version":[{"id":3438,"href":"https:\/\/munitingomaria.gob.pe\/home\/wp-json\/wp\/v2\/pages\/3127\/revisions\/3438"}],"wp:attachment":[{"href":"https:\/\/munitingomaria.gob.pe\/home\/wp-json\/wp\/v2\/media?parent=3127"}],"curies":[{"name":"wp","href":"https:\/\/api.w.org\/{rel}","templated":true}]}}