{"id":330,"date":"2024-04-03T23:35:39","date_gmt":"2024-04-03T23:35:39","guid":{"rendered":"https:\/\/mplp.clubvendemas.com\/?page_id=330"},"modified":"2025-06-06T20:59:45","modified_gmt":"2025-06-06T20:59:45","slug":"coprosec","status":"publish","type":"page","link":"https:\/\/munitingomaria.gob.pe\/home\/coprosec\/","title":{"rendered":"SEGURIDAD CIUDADANA"},"content":{"rendered":"\n<p>En el a\u00f1o 2003 fue publicada la Ley N\u00b0 27933 que cre\u00f3 el Sistema Nacional de Seguridad Ciudadana, con el fin de dise\u00f1ar, elaborar y ejecutar pol\u00edticas p\u00fablicas de forma coordinada interinstitucional en cada uno de los niveles de gobierno, mediante el Consejo Nacional de Seguridad Ciudadana (Conasec) y los respectivos comit\u00e9s regionales, provinciales y distritales.<\/p>\n\n\n\n<p>Para Defensor\u00eda del Pueblo la inseguridad ciudadana constituye un problema de especial relevancia y atenci\u00f3n, toda vez que afecta la vigencia de derechos de primer orden, como a la vida, a la integridad y a la libertad de las personas y porque, adem\u00e1s, perjudica la estabilidad y el desarrollo de la naci\u00f3n.<\/p>\n\n\n\n<p><\/p>\n\n\n\n<div class=\"wp-block-tishonator-tab-item-block\"><h3 class=\"tish-tab-item\">Comit\u00e9 Provincial de Seguridad Ciudadana (Coprosec)<\/h3><div class=\"tish-tab-content\">De acuerdo con la\u00a0<a href=\"https:\/\/www.gob.pe\/institucion\/congreso-de-la-republica\/normas-legales\/331205-27933\" target=\"_blank\" rel=\"noreferrer noopener\">Ley N\u00b0 27933<\/a>, \u00abLey del Sistema Nacional de Seguridad Ciudadana\u00bb, es el \u00f3rgano ejecutivo del\u00a0<strong>Sistema Nacional de Seguridad Ciudadana (Sinasec)<\/strong>, es presidido por el alcalde provincial e integrado por los siguientes miembros:<br><br>&#8211; La autoridad pol\u00edtica de mayor nivel de la localidad.<br>&#8211; El jefe policial de mayor graduaci\u00f3n de la jurisdicci\u00f3n<br>&#8211; La autoridad educativa del m\u00e1s alto nivel.<br>&#8211; La autoridad de salud o su representante.<br>&#8211; Un representante del Poder Judicial, designado por el presidente de la Corte Superior de la jurisdicci\u00f3n.<br>&#8211; Un representante del Ministerio P\u00fablico, designado por el Fiscal Superior Decano de la jurisdicci\u00f3n.<br>&#8211; El Defensor del Pueblo o el que hiciere sus veces.<br>&#8211; Tres alcaldes de los distritos con mayor n\u00famero de electores de la provincia.<br>&#8211; Un representante de las juntas vecinales.<br>&#8211; Un representante de las rondas campesinas.<br><br><strong>Funciones<\/strong><br>&#8211; Estudiar y analizar los problemas de seguridad ciudadana.<br>&#8211; Promover la organizaci\u00f3n de las juntas vecinales.<br>&#8211; Formular, ejecutar y controlar los planes, programas y proyectos de seguridad ciudadana.<br>&#8211; Ejecutar los planes, programas y proyectos de seguridad ciudadana dispuestos por el Consejo Nacional de Seguridad Ciudadana.<br>&#8211; Supervisar la ejecuci\u00f3n de los planes y programa de seguridad ciudadana.<br>&#8211; Celebrar convenios institucionales.<br>&#8211; Coordinar y apoyar los planes, programas y\/o proyectos de seguridad ciudadana por las jurisdicciones colindantes.<br><br><strong>Atribuciones<\/strong><br>&#8211; Aprobar los planes, programas y proyectos de seguridad ciudadana, en concordancia con las pol\u00edticas contenidas en el Plan Nacional de Seguridad Ciudadana, informando al concejo.<br>&#8211; Dictar directivas de seguridad ciudadana.<br>&#8211; Difundir las medidas y acciones sobre seguridad ciudadana y evaluar el impacto de las mismas en la comunidad.<br><strong><a href=\"https:\/\/munitingomaria.gob.pe\/home\/coprosec-2\/\">-Ver COPROSEC<\/a><\/strong><\/div><\/div>\n\n\n\n<div class=\"wp-block-tishonator-tab-item-block\"><h3 class=\"tish-tab-item\">Comit\u00e9 distrital de Seguridad Ciudadana (Codisec)<\/h3><div class=\"tish-tab-content\">El CODISEC cuenta con una Secretar\u00eda T\u00e9cnica como el \u00f3rgano t\u00e9cnico, ejecutivo y de coordinaci\u00f3n del Comit\u00e9, la cual contar\u00e1 con profesionales, personal t\u00e9cnico y especialistas en temas de seguridad ciudadana, en base a los perfiles que aprueba.<br>Cada Municipalidad Distrital determina el \u00f3rgano o \u00e1rea que asumir\u00e1 las funciones de la Secretar\u00eda T\u00e9cnica del CODISEC. Dicho \u00f3rgano o \u00e1rea debe ejercer funciones relacionadas a la seguridad ciudadana.<br><br><strong>Funciones de la Secretar\u00eda T\u00e9cnica del CODISEC:<\/strong><br>Presentar ante el Comit\u00e9 Distrital de Seguridad Ciudadana la propuesta de los planes, programas y proyectos de seguridad ciudadana en sus respectivas jurisdicciones, verificando su cumplimiento en el marco de los lineamientos establecidos en el Plan de Acci\u00f3n Provincial de Seguridad Ciudadana, tomando en consideraci\u00f3n las particularidades culturales y ling\u00fc\u00edsticas de la poblaci\u00f3n.<br>1. Supervisar el cumplimiento de los planes, programas y proyectos distritales de seguridad ciudadana, en el marco de los lineamientos establecidos por la Secretar\u00eda T\u00e9cnica del COPROSEC.<br><br>2. Elaborar el informe de evaluaci\u00f3n de su Comit\u00e9 Distrital de Seguridad Ciudadana.<br><br>3. Articular permanentemente con los integrantes del CODISEC para fortalecer la seguridad ciudadana en el \u00e1mbito de la jurisdicci\u00f3n distrital.<br><br>4.Articular permanentemente con las Secretar\u00edas T\u00e9cnicas del CORESEC y CONASEC para recibir asistencia t\u00e9cnica descentralizada.<br><br>5. Promover la articulaci\u00f3n interinstitucional para atender integralmente la problem\u00e1tica de la inseguridad ciudadana, con \u00e9nfasis en la prevenci\u00f3n focalizada y la mitigaci\u00f3n de los factores de riesgo, dando prioridad a los territorios m\u00e1s vulnerables de la jurisdicci\u00f3n, tomando en consideraci\u00f3n las particularidades culturales y ling\u00fc\u00edsticas de la poblaci\u00f3n.<br><br>6. Preparar la informaci\u00f3n estad\u00edstica de seguridad ciudadana, para su respectiva remisi\u00f3n a la Secretar\u00eda T\u00e9cnica del COPROSEC.<br><br>7. Promover la participaci\u00f3n ciudadana para fortalecer la seguridad ciudadana y la conformaci\u00f3n de Juntas Vecinales.<br><br>8. Coordinar los lineamientos y especificaciones t\u00e9cnicas para garantizar la estandarizaci\u00f3n e interoperabilidad de los sistemas de radio y video vigilancia y radio comunicaci\u00f3n con los sistemas de la Polic\u00eda Nacional del Per\u00fa, a fin de tener una cobertura distrital integrada a nivel nacional.<\/div><\/div>\n\n\n<div class=\"wp-block-image\">\n<figure class=\"aligncenter size-full\"><a href=\"https:\/\/observatorio.munitingomaria.gob.pe\/\" target=\"_blank\" rel=\"noreferrer noopener\"><img loading=\"lazy\" decoding=\"async\" width=\"1000\" height=\"120\" src=\"https:\/\/munitingomaria.gob.pe\/home\/wp-content\/uploads\/2024\/08\/observatorio_municipal2.png\" alt=\"\" class=\"wp-image-1433\" srcset=\"https:\/\/munitingomaria.gob.pe\/home\/wp-content\/uploads\/2024\/08\/observatorio_municipal2.png 1000w, https:\/\/munitingomaria.gob.pe\/home\/wp-content\/uploads\/2024\/08\/observatorio_municipal2-300x36.png 300w, https:\/\/munitingomaria.gob.pe\/home\/wp-content\/uploads\/2024\/08\/observatorio_municipal2-768x92.png 768w\" sizes=\"auto, (max-width: 1000px) 100vw, 1000px\" \/><\/a><\/figure>\n<\/div>","protected":false},"excerpt":{"rendered":"<p>En el a\u00f1o 2003 fue publicada la Ley N\u00b0 27933 que cre\u00f3 el Sistema Nacional<\/p>\n","protected":false},"author":1,"featured_media":0,"parent":0,"menu_order":0,"comment_status":"closed","ping_status":"closed","template":"","meta":{"footnotes":""},"class_list":["post-330","page","type-page","status-publish","hentry"],"_links":{"self":[{"href":"https:\/\/munitingomaria.gob.pe\/home\/wp-json\/wp\/v2\/pages\/330","targetHints":{"allow":["GET"]}}],"collection":[{"href":"https:\/\/munitingomaria.gob.pe\/home\/wp-json\/wp\/v2\/pages"}],"about":[{"href":"https:\/\/munitingomaria.gob.pe\/home\/wp-json\/wp\/v2\/types\/page"}],"author":[{"embeddable":true,"href":"https:\/\/munitingomaria.gob.pe\/home\/wp-json\/wp\/v2\/users\/1"}],"replies":[{"embeddable":true,"href":"https:\/\/munitingomaria.gob.pe\/home\/wp-json\/wp\/v2\/comments?post=330"}],"version-history":[{"count":11,"href":"https:\/\/munitingomaria.gob.pe\/home\/wp-json\/wp\/v2\/pages\/330\/revisions"}],"predecessor-version":[{"id":4652,"href":"https:\/\/munitingomaria.gob.pe\/home\/wp-json\/wp\/v2\/pages\/330\/revisions\/4652"}],"wp:attachment":[{"href":"https:\/\/munitingomaria.gob.pe\/home\/wp-json\/wp\/v2\/media?parent=330"}],"curies":[{"name":"wp","href":"https:\/\/api.w.org\/{rel}","templated":true}]}}