{"id":342,"date":"2024-04-03T23:54:53","date_gmt":"2024-04-03T23:54:53","guid":{"rendered":"https:\/\/mplp.clubvendemas.com\/?page_id=342"},"modified":"2024-08-22T16:36:40","modified_gmt":"2024-08-22T16:36:40","slug":"reparaciones-colectivas","status":"publish","type":"page","link":"https:\/\/munitingomaria.gob.pe\/home\/reparaciones-colectivas\/","title":{"rendered":"Programa de Reparaciones Colectivas (PRC)"},"content":{"rendered":"\n<p id=\"fs4u\">Este tiene como objetivo la recuperaci\u00f3n de la infraestructura en servicios b\u00e1sicos y productivos para las comunidades campesinas, nativas, centros poblados y grupos organizados de desplazados afectados por el proceso de violencia del periodo de 1980 al 2000, en sus lugares de inserci\u00f3n.<\/p>\n\n\n\n<h2 class=\"wp-block-heading\">Beneficiarios<\/h2>\n\n\n\n<p id=\"7i0ri\">Comunidades y los grupos organizados de desplazados v\u00edctimas del proceso de violencia del periodo de 1980 al 2000, inscritos en el Registro \u00danico de V\u00edctimas.<\/p>\n\n\n\n<h2 class=\"wp-block-heading\">Objetivos espec\u00edficos<\/h2>\n\n\n\n<ul class=\"wp-block-list\">\n<li>Dise\u00f1ar e implementar con la participaci\u00f3n efectiva de la poblaci\u00f3n beneficiaria, proyectos de reparaci\u00f3n enmarcados en los componentes del Programa de Reparaciones Colectivas establecidos en el reglamento de la&nbsp;<a href=\"https:\/\/www.gob.pe\/institucion\/minjus\/normas-legales\/1496834-28592\">Ley N\u00b0 28592<\/a>.<\/li>\n\n\n\n<li>Financiar proyectos pertinentes, viables, eficientes, efectivos, sostenibles y con impacto social que contribuyan a la reparaci\u00f3n y al mejoramiento de las condiciones de vida de los beneficiarios.<\/li>\n\n\n\n<li>Comprometer el aporte de instituciones p\u00fablicas en la ejecuci\u00f3n, complementaci\u00f3n y sostenibilidad de los proyectos financiados en el marco del PRC, dentro del \u00e1mbito de sus competencias y actividades.<\/li>\n<\/ul>\n\n\n<div class=\"wp-block-image\">\n<figure class=\"aligncenter size-full is-resized\"><img loading=\"lazy\" decoding=\"async\" width=\"800\" height=\"600\" src=\"https:\/\/munitingomaria.gob.pe\/home\/wp-content\/uploads\/2024\/08\/firma.gif\" alt=\"\" class=\"wp-image-1203\" style=\"width:196px;height:auto\"\/><figcaption class=\"wp-element-caption\"><strong><em>Lista de beneficiario<\/em><\/strong><\/figcaption><\/figure>\n<\/div>","protected":false},"excerpt":{"rendered":"<p>Este tiene como objetivo la recuperaci\u00f3n de la infraestructura en servicios b\u00e1sicos y productivos para<\/p>\n","protected":false},"author":1,"featured_media":0,"parent":0,"menu_order":0,"comment_status":"closed","ping_status":"closed","template":"","meta":{"footnotes":""},"class_list":["post-342","page","type-page","status-publish","hentry"],"_links":{"self":[{"href":"https:\/\/munitingomaria.gob.pe\/home\/wp-json\/wp\/v2\/pages\/342","targetHints":{"allow":["GET"]}}],"collection":[{"href":"https:\/\/munitingomaria.gob.pe\/home\/wp-json\/wp\/v2\/pages"}],"about":[{"href":"https:\/\/munitingomaria.gob.pe\/home\/wp-json\/wp\/v2\/types\/page"}],"author":[{"embeddable":true,"href":"https:\/\/munitingomaria.gob.pe\/home\/wp-json\/wp\/v2\/users\/1"}],"replies":[{"embeddable":true,"href":"https:\/\/munitingomaria.gob.pe\/home\/wp-json\/wp\/v2\/comments?post=342"}],"version-history":[{"count":3,"href":"https:\/\/munitingomaria.gob.pe\/home\/wp-json\/wp\/v2\/pages\/342\/revisions"}],"predecessor-version":[{"id":1579,"href":"https:\/\/munitingomaria.gob.pe\/home\/wp-json\/wp\/v2\/pages\/342\/revisions\/1579"}],"wp:attachment":[{"href":"https:\/\/munitingomaria.gob.pe\/home\/wp-json\/wp\/v2\/media?parent=342"}],"curies":[{"name":"wp","href":"https:\/\/api.w.org\/{rel}","templated":true}]}}