{"id":352,"date":"2024-04-03T23:58:39","date_gmt":"2024-04-03T23:58:39","guid":{"rendered":"https:\/\/mplp.clubvendemas.com\/?page_id=352"},"modified":"2024-08-22T17:17:50","modified_gmt":"2024-08-22T17:17:50","slug":"coactivo","status":"publish","type":"page","link":"https:\/\/munitingomaria.gob.pe\/home\/coactivo\/","title":{"rendered":"COACTIVO"},"content":{"rendered":"\n<blockquote class=\"wp-block-quote is-layout-flow wp-block-quote-is-layout-flow\">\n<h3 class=\"wp-block-heading\">LAS FUNCIONES:\u00a0SON FUNCIONES Y ATRIBUCIONES DE LA OFICINA DE EJECUCI\u00d3N COACTIVA LAS SIGUIENTES:<\/h3>\n<\/blockquote>\n\n\n\n<ul class=\"wp-block-list\">\n<li>Cumplir y hacer cumplir las leyes, normas y dem\u00e1s disposiciones de los procedimientos de ejecuci\u00f3n coactiva.<\/li>\n\n\n\n<li>Planificar, organizar, coordinar, dirigir, controlar y evaluar las actividades propias de la Oficina.<\/li>\n\n\n\n<li>Formular, ejecutar y evaluar su Plan Operat\u00edvo, el Cuadro de Neces\u00eddades y la Programaci\u00f3n anual mensualizada de gastos.<\/li>\n\n\n\n<li>Formular, la memoria anual de su dependencia, de acuerdo a la normatividad vigente.<\/li>\n\n\n\n<li>Organizar, ejecutar y controlar el sistema de Ejecuci\u00f3n Coactiva.<\/li>\n\n\n\n<li>Recepcionar y verificar la exigibilidad de los t\u00edtulos de ejecuci\u00f3n que contienen obligaciones tributarias y no tributarias y proceder al inicio del procedimiento coactivo de aquellas que cumplan los requisitos de exigibilidad conforme a ley.<\/li>\n\n\n\n<li>Expedir resoluciones dentro de los procedimientos de ejecuci\u00f3n coactiva.<\/li>\n\n\n\n<li>Emitir medidas cautelares, con el fin de asegurar el cumplimiento de las obligaciones puestas en ejecuci\u00f3n coactiva.<\/li>\n\n\n\n<li>Informar mensualmente a la Gerencia Municipal, sobre las acciones realizadas.<\/li>\n\n\n\n<li>Ejecutar y\/o suspender los procedimientos de ejecuci\u00f3n coactiva de acuerdo a Ley.<\/li>\n\n\n\n<li>Adoptar las acciones necesarias, para cautelar los bienes embargados.<\/li>\n\n\n\n<li>Coordinar y requerir a las \u00e1reas e instituciones involucradas, el apoyo necesario para la ejecuci\u00f3n de las obligaciones exigibles.<\/li>\n\n\n\n<li>Otras funciones que le asigne la Gerencia Municipal y las se\u00f1aladas en la Ley de Ejecuci\u00f3n Coactiva.<\/li>\n<\/ul>\n\n\n\n<h2 class=\"wp-block-heading\">NATURALEZA JURIDICA<\/h2>\n\n\n\n<p>La Oficina de Ejecuci\u00f3n Coactiva, es un \u00f3rgano de apoyo de tercer nivel organizacional, encargada y responsable de ejecutar y tramitar cobranzas coactivas, comprende el cobro de deudas tributarias y no tributarias, multas tributarias, multas administrativas, infracciones municipales y otros. Esta a cargo de un Director qui\u00e9n depende del Gerente Municipal.<\/p>\n","protected":false},"excerpt":{"rendered":"<p>LAS FUNCIONES:\u00a0SON FUNCIONES Y ATRIBUCIONES DE LA OFICINA DE EJECUCI\u00d3N COACTIVA LAS SIGUIENTES: NATURALEZA JURIDICA<\/p>\n","protected":false},"author":1,"featured_media":0,"parent":0,"menu_order":0,"comment_status":"closed","ping_status":"closed","template":"","meta":{"footnotes":""},"class_list":["post-352","page","type-page","status-publish","hentry"],"_links":{"self":[{"href":"https:\/\/munitingomaria.gob.pe\/home\/wp-json\/wp\/v2\/pages\/352","targetHints":{"allow":["GET"]}}],"collection":[{"href":"https:\/\/munitingomaria.gob.pe\/home\/wp-json\/wp\/v2\/pages"}],"about":[{"href":"https:\/\/munitingomaria.gob.pe\/home\/wp-json\/wp\/v2\/types\/page"}],"author":[{"embeddable":true,"href":"https:\/\/munitingomaria.gob.pe\/home\/wp-json\/wp\/v2\/users\/1"}],"replies":[{"embeddable":true,"href":"https:\/\/munitingomaria.gob.pe\/home\/wp-json\/wp\/v2\/comments?post=352"}],"version-history":[{"count":2,"href":"https:\/\/munitingomaria.gob.pe\/home\/wp-json\/wp\/v2\/pages\/352\/revisions"}],"predecessor-version":[{"id":1581,"href":"https:\/\/munitingomaria.gob.pe\/home\/wp-json\/wp\/v2\/pages\/352\/revisions\/1581"}],"wp:attachment":[{"href":"https:\/\/munitingomaria.gob.pe\/home\/wp-json\/wp\/v2\/media?parent=352"}],"curies":[{"name":"wp","href":"https:\/\/api.w.org\/{rel}","templated":true}]}}