{"id":412,"date":"2024-05-08T15:04:53","date_gmt":"2024-05-08T15:04:53","guid":{"rendered":"https:\/\/mplp.clubvendemas.com\/?page_id=412"},"modified":"2026-01-28T17:21:53","modified_gmt":"2026-01-28T17:21:53","slug":"instrumento-de-gestion","status":"publish","type":"page","link":"https:\/\/munitingomaria.gob.pe\/home\/instrumento-de-gestion\/","title":{"rendered":"INSTRUMENTO DE GESTI\u00d3N"},"content":{"rendered":"\n<figure class=\"wp-block-image size-full\"><img loading=\"lazy\" decoding=\"async\" width=\"644\" height=\"387\" src=\"https:\/\/munitingomaria.gob.pe\/home\/wp-content\/uploads\/2024\/07\/2024-07-16_16_07_33-el_empresario_agrega_un_archivo_a_una_carpeta_grande._almacenamiento_e_indexacio-removebg-preview.png\" alt=\"\" class=\"wp-image-817\" srcset=\"https:\/\/munitingomaria.gob.pe\/home\/wp-content\/uploads\/2024\/07\/2024-07-16_16_07_33-el_empresario_agrega_un_archivo_a_una_carpeta_grande._almacenamiento_e_indexacio-removebg-preview.png 644w, https:\/\/munitingomaria.gob.pe\/home\/wp-content\/uploads\/2024\/07\/2024-07-16_16_07_33-el_empresario_agrega_un_archivo_a_una_carpeta_grande._almacenamiento_e_indexacio-removebg-preview-300x180.png 300w\" sizes=\"auto, (max-width: 644px) 100vw, 644px\" \/><\/figure>\n\n\n\n<p>\u25b6\ufe0f <a href=\"https:\/\/www.gob.pe\/rails\/active_storage\/blobs\/redirect\/eyJfcmFpbHMiOnsiZGF0YSI6MzIwMTExLCJwdXIiOiJibG9iX2lkIn19--b0f9053276ff9cd2adfa9971a42f9ddd4c570f95\/ORGANIGRAMA%20ESTRUCTURAL%20MPLP%20(1).pdf\" target=\"_blank\" rel=\"noreferrer noopener\">Organigrama<\/a> \ud83d\udcc4<\/p>\n\n\n\n<p>\u25b6\ufe0f <a href=\"https:\/\/www.gob.pe\/institucion\/munileoncioprado\/colecciones\/46446-directivas-municipales?filter%5Bend_date%5D=&amp;filter%5Bstart_date%5D=&amp;filter%5Bterms%5D=&amp;sheet=\" target=\"_blank\" rel=\"noreferrer noopener\">Directivas Municipales MPLP<\/a> \ud83d\udcc4<\/p>\n\n\n\n<p>\u25b6\ufe0f <a href=\"https:\/\/www.gob.pe\/institucion\/munileoncioprado\/colecciones\/46610-reglamento-interno-mplp\" target=\"_blank\" rel=\"noreferrer noopener\">Reglamento Interno Municipales MPLP<\/a> \ud83d\udcc4<\/p>\n\n\n\n<p>\u25b6\ufe0f <a href=\"https:\/\/www.gob.pe\/institucion\/munileoncioprado\/colecciones\/45003-cuadro-de-asignacion-de-personal-cap\" target=\"_blank\" rel=\"noreferrer noopener\">Cuadro de Asignaci\u00f3n de Personal &#8211; CAP<\/a> \ud83d\udcc4<\/p>\n\n\n\n<p>\u25b6\ufe0f <a href=\"https:\/\/www.gob.pe\/institucion\/munileoncioprado\/colecciones\/46745-plan-vial-provincial-participativo-pvpp-de-la-provincia-de-leoncio-prado\" target=\"_blank\" rel=\"noreferrer noopener\">Plan Vial Provincial participativo (PVPP) de la Provincia de Leoncio Prado<\/a> \ud83d\udcc4<\/p>\n\n\n\n<p>\u25b6\ufe0f <a href=\"https:\/\/www.gob.pe\/institucion\/munileoncioprado\/colecciones\/47243-presupuesto-participativo\" target=\"_blank\" rel=\"noreferrer noopener\">Presupuesto Participativo de la Provincia de Leoncio Prado<\/a> \ud83d\udcc4<\/p>\n\n\n\n<p>\u25b6\ufe0f <a href=\"https:\/\/www.gob.pe\/institucion\/munileoncioprado\/colecciones\/47148-planes-de-desarrollo\">Planes de Desarrollo de la Provincia de Leoncio Prado<\/a> \ud83d\udcc4<\/p>\n\n\n\n<p>\u25b6\ufe0f<a href=\"https:\/\/www.munitingomaria.gob.pe\/mplp\/sites\/default\/files\/\/Plan%20de%20Gobierno%20Digital%20-%20MPLP%202023-2026.pdf\">Plan de Gobierno Digital 2023-2026<\/a> \ud83d\udcc4<\/p>\n\n\n\n<p>\u25b6\ufe0f<a href=\"https:\/\/www.gob.pe\/institucion\/munileoncioprado\/colecciones\/45327-pei-plan-estrategico-institucional\">Plan Estrategico Institucional de la Municipalidad Provincial de Leoncio Prado<\/a> \ud83d\udcc4<\/p>\n\n\n\n<p><a href=\"https:\/\/www.gob.pe\/institucion\/munileoncioprado\/colecciones\/45271-plan-operativo-institucional-poi\">\u25b6\ufe0fPOI Multianual de la Municipalidad Provincial de Leoncio Prado\ud83d\udcc4<\/a><\/p>\n\n\n\n<p>\u25b6\ufe0f<a href=\"https:\/\/www.gob.pe\/institucion\/munileoncioprado\/colecciones\/45262-plan-operativo-institucional-poi\">POI Multianual de la Municipalidad Provincial de Leoncio Prado &#8211; Reporte<\/a>\ud83d\udcc4<a href=\"https:\/\/www.munitingomaria.gob.pe\/mplp\/sites\/default\/files\/\/RESOLUCION%20DE%20ALCALDIA%20N%C2%B0428-2019-MPLP.pdf\"><\/a><\/p>\n\n\n\n<p><a href=\"https:\/\/www.gob.pe\/institucion\/munileoncioprado\/informes-publicaciones\/5835552-informe-de-evaluacion-de-implementacion-del-poi-al-primer-semestre-2022\">\u25b6\ufe0fInforme de Evaluaci\u00f3n de Implementaci\u00f3n del Plan Operativo Institucional (POI) Correspondiente al Primer Semestre 2022\ud83d\udcc4<\/a><a href=\"https:\/\/www.munitingomaria.gob.pe\/mplp\/sites\/default\/files\/mplp\/documentosdegestion\/RESOLUCI%C3%93N%20DE%20ALCALD%C3%8DA%20N%C2%B0827-2020-MPLP.pdf\"><\/a><\/p>\n\n\n\n<p>\u25b6\ufe0f<a href=\"https:\/\/www.gob.pe\/institucion\/munileoncioprado\/colecciones\/74530-devengados-vs-marco-presupuestal\">Proceso Presupuestario Devengados vs Marco Presupuestal de MPLP<\/a>\ud83d\udcc4<a href=\"https:\/\/www.munitingomaria.gob.pe\/mplp\/sites\/default\/files\/\/REPORTE%20DE%20LA%20EVALUACION%20DEL%20PDLC%20A%C3%91O%202020%20con%20VB%20SGDI,%20GPP.pdf\"><\/a><\/p>\n\n\n\n<p>\u25b6\ufe0f<a href=\"https:\/\/www.gob.pe\/institucion\/munileoncioprado\/colecciones\/47148-planes-de-desarrollo\">Plan de Desarrollo MPLP<\/a>\ud83d\udcc4<\/p>\n\n\n\n<p>\u25b6\ufe0f<a href=\"https:\/\/www.gob.pe\/institucion\/munileoncioprado\/informes-publicaciones\/5835675-informe-de-evaluacion-de-resultado-del-plan-estrategico-institucional-2020\">Informe de Evaluaci\u00f3n de Resultado del Plan Estrat\u00e9gico Institucional 2020<\/a>\ud83d\udcc4<a href=\"https:\/\/www.munitingomaria.gob.pe\/mplp\/sites\/default\/files\/\/REPORTE%20DE%20LA%20EVALUACION%20DEL%20PDLC%20A%C3%91O%202020%20con%20VB%20SGDI,%20GPP.pdf\"><\/a><\/p>\n\n\n\n<p>\u25b6\ufe0f<a href=\"https:\/\/www.gob.pe\/institucion\/munileoncioprado\/informes-publicaciones\/5835732-poi-2021-consistente-con-el-pia-2021\">Plan Operativo Institucional (POI) Anual 2021 Consistente Con El Presupuesto Institucional De Apertura (PIA) 2021<\/a>\ud83d\udcc4<a href=\"https:\/\/www.munitingomaria.gob.pe\/mplp\/sites\/default\/files\/\/INFORME%20DE%20EVALUACION%20DE%20RESULTADO%20DEL%20PLAN%20ESTRATEGICO%20INSTITUCIONAL%202020.pdf\"><\/a><\/p>\n\n\n\n<p><a href=\"https:\/\/www.gob.pe\/institucion\/munileoncioprado\/colecciones\/47266-pac-plan-anual-de-contrataciones\" data-type=\"link\" data-id=\"https:\/\/www.gob.pe\/institucion\/munileoncioprado\/colecciones\/47266-pac-plan-anual-de-contrataciones\" target=\"_blank\" rel=\"noreferrer noopener\">\u25b6\ufe0f PAC (PLAN ANUAL DE CONTRATACIONES)<\/a> \ud83d\udcc4<\/p>\n\n\n\n<p>PIA 2020 (PRESUPUESTO INSTITUCIONAL DE APERTURA 2020)&nbsp;<\/p>\n\n\n\n<p><a href=\"https:\/\/www.munitingomaria.gob.pe\/mplp\/sites\/default\/files\/\/RESOLUCION%20DE%20ALCALDIA%20N%C2%B0%201221-2019-MPLP%20REF.%20AL%20PIA%202020.pdf\"><\/a>&nbsp;&nbsp;<a href=\"https:\/\/www.munitingomaria.gob.pe\/mplp\/sites\/default\/files\/mplp\/documentosdegestion\/RESOLUCION%20DE%20ALCALDIA%20N%C2%B0%201221-2019-MPLP%20REF.%20AL%20PIA%202020.pdf\">PIA 2020<\/a>&nbsp;&nbsp;&nbsp; &nbsp;<a href=\"https:\/\/www.munitingomaria.gob.pe\/mplp\/sites\/default\/files\/mplp\/documentosdegestion\/RESOLUCION%20DE%20ALCALDIA%20N%C2%B0%201221-2019-MPLP%20REF.%20AL%20PIA%202020.pdf\"><\/a><\/p>\n\n\n\n<p>INFORME FINAL DE EVALUACI\u00d3N DE RESULTADOS EL PLAN ESTRATEGICO INSTITUCIONAL 2019<\/p>\n\n\n\n<p><a href=\"https:\/\/www.munitingomaria.gob.pe\/mplp\/sites\/default\/files\/\/INFORME%20FINAL%20DE%20EVALUACION%20DE%20RESULTADOS%20DEL%20PEI%202019.pdf\"><\/a>&nbsp;&nbsp;<a href=\"https:\/\/www.munitingomaria.gob.pe\/mplp\/sites\/default\/files\/mplp\/documentosdegestion\/INFORME%20FINAL%20DE%20EVALUACION%20DE%20RESULTADOS%20DEL%20PEI%202019.pdf\">INFORME FINAL DE EVALUACION DE RESULTADOS DEL PEI 2019<\/a>&nbsp; &nbsp; &nbsp;<a href=\"https:\/\/www.munitingomaria.gob.pe\/mplp\/sites\/default\/files\/mplp\/documentosdegestion\/DECRETO%20DE%20ALCALDIA%20N%C2%B0007-2019-MPLP.pdf\"><\/a><\/p>\n\n\n\n<p>PEI 2020-2023 (PLAN ESTRAT\u00c9GICO INSTITUCIONAL 2020-2023)<\/p>\n\n\n\n<p><a href=\"https:\/\/www.munitingomaria.gob.pe\/mplp\/sites\/default\/files\/\/RESOLUCION%20DE%20ALCALDIA%20N%C2%B0%20093-2020-MPLP%20REF.%20AL%20PEI%202020-2023.pdf\"><\/a>&nbsp;&nbsp;<a href=\"https:\/\/www.munitingomaria.gob.pe\/mplp\/sites\/default\/files\/mplp\/documentosdegestion\/RESOLUCION%20DE%20ALCALDIA%20N%C2%B0%20093-2020-MPLP%20REF.%20AL%20PEI%202020-2023.pdf\">RESOLUCION DE ALCALDIA N\u00b0 093-2020-MPLP REF. AL PEI 2020-2023<\/a>&nbsp;<a href=\"https:\/\/www.munitingomaria.gob.pe\/mplp\/sites\/default\/files\/mplp\/documentosdegestion\/DECRETO%20DE%20ALCALDIA%20N%C2%B0007-2019-MPLP.pdf\"><\/a>&nbsp;&nbsp;&nbsp;<\/p>\n\n\n\n<p><a href=\"https:\/\/www.munitingomaria.gob.pe\/mplp\/sites\/default\/files\/\/PLAN%20ESTRATEGICO%20INSTITUCIONAL%202020-2023.pdf\"><\/a>&nbsp;&nbsp;<a href=\"https:\/\/www.munitingomaria.gob.pe\/mplp\/sites\/default\/files\/mplp\/documentosdegestion\/PLAN%20ESTRATEGICO%20INSTITUCIONAL%202020-2023.pdf\">PLAN ESTRATEGICO INSTITUCIONAL 2020-2023<\/a>&nbsp;&nbsp; &nbsp;&nbsp;<a href=\"https:\/\/www.munitingomaria.gob.pe\/mplp\/sites\/default\/files\/mplp\/documentosdegestion\/TUPA%20MODIFICADO%202019.pdf\"><\/a><\/p>\n\n\n\n<p>PEI 2020-2024 (PLAN ESTRAT\u00c9GICO INSTITUCIONAL 2020-2024)<\/p>\n\n\n\n<p><a href=\"https:\/\/www.munitingomaria.gob.pe\/mplp\/sites\/default\/files\/\/RESOLUCION%20DE%20ALCALDIA%20N%C2%B0%20093-2020-MPLP%20REF.%20AL%20PEI%202020-2023.pdf\"><\/a>&nbsp;&nbsp;<a href=\"https:\/\/www.munitingomaria.gob.pe\/mplp\/sites\/default\/files\/\/RESOLUCI%C3%93N%20DE%20ALCALD%C3%8DA%20N%C2%BA531-2021-MPLP.pdf\">RESOLUCION DE ALCALDIA N\u00b0 0931-2021-MPLP REF. AL PEI 2020-2024-PLAN<\/a>&nbsp;<a href=\"https:\/\/www.munitingomaria.gob.pe\/mplp\/sites\/default\/files\/mplp\/documentosdegestion\/DECRETO%20DE%20ALCALDIA%20N%C2%B0007-2019-MPLP.pdf\"><\/a>&nbsp;&nbsp;&nbsp;<\/p>\n\n\n\n<p>PIA 2020 (PRESUPUESTO INSTITUCIONAL DE APERTURA 2020)&nbsp;<\/p>\n\n\n\n<p><a href=\"https:\/\/www.munitingomaria.gob.pe\/mplp\/sites\/default\/files\/\/RESOLUCION%20DE%20ALCALDIA%20N%C2%B0%201221-2019-MPLP%20REF.%20AL%20PIA%202020.pdf\"><\/a>&nbsp;&nbsp;<a href=\"https:\/\/www.munitingomaria.gob.pe\/mplp\/sites\/default\/files\/mplp\/documentosdegestion\/RESOLUCION%20DE%20ALCALDIA%20N%C2%B0%201221-2019-MPLP%20REF.%20AL%20PIA%202020.pdf\">PIA 2020<\/a>&nbsp;&nbsp;&nbsp; &nbsp;<a href=\"https:\/\/www.munitingomaria.gob.pe\/mplp\/sites\/default\/files\/mplp\/documentosdegestion\/RESOLUCION%20DE%20ALCALDIA%20N%C2%B0%201221-2019-MPLP%20REF.%20AL%20PIA%202020.pdf\"><\/a><\/p>\n\n\n\n<p>DIAGNOSTICO DE LA SITUACI\u00d3N DE LAS BRECHAS DE INFRAESTRUCTURA O DE ACCESO A SERVICIOS, CRITERIOS DE PRIORIZACI\u00d3N Y CARTERA DE INVERSIONES DE PROGRAMACI\u00d3N MULTIANUAL Y GESTI\u00d3N DE INVERSIONES DE LA MUNICIPALIDAD PROVINCIAL DE LEONCIO PRADO<\/p>\n\n\n\n<p><a href=\"https:\/\/www.munitingomaria.gob.pe\/mplp\/sites\/default\/files\/\/RESOLUCION%20DE%20ALCALDIA%20N%C2%B0266-2019-MPLP.pdf\"><\/a>&nbsp;&nbsp;<a href=\"https:\/\/www.munitingomaria.gob.pe\/mplp\/sites\/default\/files\/mplp\/documentosdegestion\/RESOLUCION%20DE%20ALCALDIA%20N%C2%B0266-2019-MPLP.pdf\">RESOLUCION DE ALCALDIA N\u00b0 266-2019-MPLP&nbsp;<\/a>&nbsp;&nbsp;&nbsp;&nbsp;<a href=\"https:\/\/www.munitingomaria.gob.pe\/mplp\/sites\/default\/files\/mplp\/documentosdegestion\/RESOLUCION%20DE%20ALCALDIA%20N%C2%B0266-2019-MPLP.pdf\"><\/a><\/p>\n\n\n\n<p><a href=\"https:\/\/www.munitingomaria.gob.pe\/mplp\/sites\/default\/files\/\/DIAG.%20SIT.%20DE%20LAS%20BRECHAS%20DE%20INF.%20O%20DE%20ACCESO%20A%20SERV,%20CRIT.%20DE%20PRIOR.%20Y%20CARTERA%20DE%20INV.DE%20PROG.%20MULT.%20Y%20GES.%20DE%20INV.%20DE%20LA%20MPLP.pdf\"><\/a>&nbsp;&nbsp;<a href=\"https:\/\/www.munitingomaria.gob.pe\/mplp\/sites\/default\/files\/mplp\/documentosdegestion\/DIAG.%20SIT.%20DE%20LAS%20BRECHAS%20DE%20INF.%20O%20DE%20ACCESO%20A%20SERV,%20CRIT.%20DE%20PRIOR.%20Y%20CARTERA%20DE%20INV.DE%20PROG.%20MULT.%20Y%20GES.%20DE%20INV.%20DE%20LA%20MPLP.pdf\">DIAGNOSTICO DE LA SITUACI\u00d3N DE LAS BRECHAS DE INFRAESTRUCTURA O DE ACCESO A SERVICIOS, CRITERIOS DE PRIORIZACI\u00d3N Y CARTERA DE INVERSIONES DE PROGRAMACI\u00d3N MULTIANUAL Y GESTI\u00d3N DE INVERSIONES DE LA MUNICIPALIDAD PROVINCIAL DE LEONCIO PRADO<\/a>&nbsp;&nbsp;&nbsp; &nbsp;<a href=\"https:\/\/www.munitingomaria.gob.pe\/mplp\/sites\/default\/files\/mplp\/documentosdegestion\/DIAG.%20SIT.%20DE%20LAS%20BRECHAS%20DE%20INF.%20O%20DE%20ACCESO%20A%20SERV,%20CRIT.%20DE%20PRIOR.%20Y%20CARTERA%20DE%20INV.DE%20PROG.%20MULT.%20Y%20GES.%20DE%20INV.%20DE%20LA%20MPLP.pdf\"><\/a><\/p>\n\n\n\n<p>PDC 2019-2021 (PLAN DE DESARROLLO LOCAL CONCERTADO 2019-2021 CON ENFOQUE AL 2030)&nbsp;<\/p>\n\n\n\n<p><a href=\"https:\/\/www.munitingomaria.gob.pe\/mplp\/sites\/default\/files\/\/ORD%20PDC%202019-2021%20CON%20ENFOQUE%20AL%202030.pdf\"><\/a>&nbsp;&nbsp;<a href=\"https:\/\/www.munitingomaria.gob.pe\/mplp\/sites\/default\/files\/mplp\/documentosdegestion\/ORD%20PDC%202019-2021%20CON%20ENFOQUE%20AL%202030.pdf\">ORDENANZA MUNICIPAL 024-2018-MPLP (REF. AL PDC 2019-2021)<\/a>&nbsp;&nbsp;&nbsp; &nbsp;<a href=\"https:\/\/www.munitingomaria.gob.pe\/mplp\/sites\/default\/files\/mplp\/documentosdegestion\/ORD%20PDC%202019-2021%20CON%20ENFOQUE%20AL%202030.pdf\"><\/a><\/p>\n\n\n\n<p><a href=\"https:\/\/www.munitingomaria.gob.pe\/mplp\/sites\/default\/files\/\/PDC%202019-2021%20CON%20ENFOQUE%20AL%202030.pdf\"><\/a>&nbsp;&nbsp;<a href=\"https:\/\/www.munitingomaria.gob.pe\/mplp\/sites\/default\/files\/mplp\/documentosdegestion\/PDC%202019-2021%20CON%20ENFOQUE%20AL%202030.pdf\">PDC 2019-2021 CON ENFOQUE AL 2030<\/a>&nbsp;&nbsp;&nbsp; &nbsp;<a href=\"https:\/\/www.munitingomaria.gob.pe\/mplp\/sites\/default\/files\/mplp\/documentosdegestion\/PDC%202019-2021%20CON%20ENFOQUE%20AL%202030.pdf\"><\/a><\/p>\n\n\n\n<p>PIA 2019 (PRESUPUESTO INSTITUCIONAL DE APERTURA 2019)&nbsp;<\/p>\n\n\n\n<p><a href=\"https:\/\/www.munitingomaria.gob.pe\/mplp\/sites\/default\/files\/\/PIA%202019.pdf\"><\/a>&nbsp;&nbsp;<a href=\"https:\/\/www.munitingomaria.gob.pe\/mplp\/sites\/default\/files\/mplp\/documentosdegestion\/PIA%202019.pdf\">PIA 2019<\/a>&nbsp;&nbsp;&nbsp; &nbsp;<a href=\"https:\/\/www.munitingomaria.gob.pe\/mplp\/sites\/default\/files\/mplp\/documentosdegestion\/PIA%202019.pdf\"><\/a><\/p>\n\n\n\n<p>RASA 2017 (REGLAMENTO ADMINISTRATIVO DE SANCIONES ADMINISTRATIVAS 2017)&nbsp;<\/p>\n\n\n\n<p><a href=\"https:\/\/www.munitingomaria.gob.pe\/mplp\/sites\/default\/files\/\/ORDENANZA%20MUNICIPAL%20N%C2%B0%20032-2017-MPLP.pdf\"><\/a>&nbsp;&nbsp;<a href=\"https:\/\/www.munitingomaria.gob.pe\/mplp\/sites\/default\/files\/mplp\/documentosdegestion\/ORDENANZA%20MUNICIPAL%20N%C2%B0%20032-2017-MPLP.pdf\">ORDENANZA MUNICIPAL 032-2017-MPLP (REF. AL RASA Y CUIS 2017)<\/a>&nbsp;&nbsp;&nbsp; &nbsp;<a href=\"https:\/\/www.munitingomaria.gob.pe\/mplp\/sites\/default\/files\/mplp\/documentosdegestion\/ORDENANZA%20MUNICIPAL%20N%C2%B0%20032-2017-MPLP.pdf\"><\/a><\/p>\n\n\n\n<p><a href=\"https:\/\/www.munitingomaria.gob.pe\/mplp\/sites\/default\/files\/\/RASA%202017.pdf\"><\/a>&nbsp;&nbsp;<a href=\"https:\/\/www.munitingomaria.gob.pe\/mplp\/sites\/default\/files\/mplp\/documentosdegestion\/RASA%202017.pdf\">RASA 2017<\/a>&nbsp;&nbsp;&nbsp; &nbsp;<a href=\"https:\/\/www.munitingomaria.gob.pe\/mplp\/sites\/default\/files\/mplp\/documentosdegestion\/RASA%202017.pdf\"><\/a><\/p>\n\n\n\n<p>CUIS 2017 (CUADRO \u00daNICO DE INFRACCIONES Y SANCIONES 2017)&nbsp;<\/p>\n\n\n\n<p><a href=\"https:\/\/www.munitingomaria.gob.pe\/mplp\/sites\/default\/files\/\/ORDENANZA%20MUNICIPAL%20N%C2%B0%20032-2017-MPLP.pdf\"><\/a>&nbsp;&nbsp;<a href=\"https:\/\/www.munitingomaria.gob.pe\/mplp\/sites\/default\/files\/mplp\/documentosdegestion\/ORDENANZA%20MUNICIPAL%20N%C2%B0%20032-2017-MPLP.pdf\">ORDENANZA MUNICIPAL 032-2017-MPLP (REF. AL RASA Y CUIS 2017)<\/a>&nbsp;&nbsp;&nbsp; &nbsp;<a href=\"https:\/\/www.munitingomaria.gob.pe\/mplp\/sites\/default\/files\/mplp\/documentosdegestion\/ORDENANZA%20MUNICIPAL%20N%C2%B0%20032-2017-MPLP.pdf\"><\/a><\/p>\n\n\n\n<p><a href=\"https:\/\/www.munitingomaria.gob.pe\/mplp\/sites\/default\/files\/\/CUIS%202017.pdf\"><\/a>&nbsp;&nbsp;<a href=\"https:\/\/www.munitingomaria.gob.pe\/mplp\/sites\/default\/files\/mplp\/documentosdegestion\/CUIS%202017.pdf\">CUIS 2017<\/a>&nbsp;&nbsp;&nbsp; &nbsp;<a href=\"https:\/\/www.munitingomaria.gob.pe\/mplp\/sites\/default\/files\/mplp\/documentosdegestion\/CUIS%202017.pdf\"><\/a><\/p>\n\n\n\n<p>PDMC (PLAN DE DESARROLLO MUNICIPAL CONCERTADO)&nbsp;<\/p>\n\n\n\n<p><a href=\"https:\/\/www.munitingomaria.gob.pe\/mplp\/sites\/default\/files\/\/CHECKLIST%20DE%20LA%20DOCUMENTACI%C3%93N%20OBLIGATORIA%20QUE%20DEBE%20CONTENER%20EL%20PLAN%20ANUAL%20DE%20CONTRATACIONES.pdf\"><\/a>&nbsp;&nbsp;<a href=\"https:\/\/www.munitingomaria.gob.pe\/mplp\/sites\/default\/files\/mplp\/documentosdegestion\/PDC2008-2015.pdf\">PDMC 2008 &#8211; 2015<\/a>&nbsp;&nbsp;&nbsp; &nbsp;<a href=\"https:\/\/www.munitingomaria.gob.pe\/mplp\/sites\/default\/files\/mplp\/documentosdegestion\/PDC2008-2015.pdf\"><\/a><\/p>\n\n\n\n<p>PEI (PLAN ESTRAT\u00c9GICO INSTITUCIONAL)<\/p>\n\n\n\n<p><a href=\"https:\/\/www.munitingomaria.gob.pe\/mplp\/sites\/default\/files\/\/CHECKLIST%20DE%20LA%20DOCUMENTACI%C3%93N%20OBLIGATORIA%20QUE%20DEBE%20CONTENER%20EL%20PLAN%20ANUAL%20DE%20CONTRATACIONES.pdf\"><\/a>&nbsp;&nbsp;<a href=\"https:\/\/www.munitingomaria.gob.pe\/mplp\/sites\/default\/files\/PEI%202014-2019.pdf\">PEI 2014-2019<\/a>&nbsp; &nbsp; &nbsp;<a href=\"https:\/\/www.munitingomaria.gob.pe\/mplp\/sites\/default\/files\/PEI%202014-2019.pdf\"><\/a><\/p>\n\n\n\n<p>POI (PLAN OPERATIVO INSTITUCIONAL)&nbsp;<\/p>\n\n\n\n<p><a href=\"https:\/\/www.munitingomaria.gob.pe\/mplp\/sites\/default\/files\/\/CHECKLIST%20DE%20LA%20DOCUMENTACI%C3%93N%20OBLIGATORIA%20QUE%20DEBE%20CONTENER%20EL%20PLAN%20ANUAL%20DE%20CONTRATACIONES.pdf\"><\/a>&nbsp;&nbsp;<a href=\"https:\/\/www.munitingomaria.gob.pe\/mplp\/content\/www.munitingomaria.gob.pe\/mplp\/sites\/default\/files\/mplp\/documentosdegestion\/POI2017.pdf\">POI 2017<\/a>&nbsp; &nbsp; &nbsp;<a href=\"https:\/\/www.munitingomaria.gob.pe\/mplp\/content\/www.munitingomaria.gob.pe\/mplp\/sites\/default\/files\/mplp\/documentosdegestion\/POI2017.pdf\"><\/a><\/p>\n\n\n\n<p><a href=\"https:\/\/www.munitingomaria.gob.pe\/mplp\/sites\/default\/files\/\/CHECKLIST%20DE%20LA%20DOCUMENTACI%C3%93N%20OBLIGATORIA%20QUE%20DEBE%20CONTENER%20EL%20PLAN%20ANUAL%20DE%20CONTRATACIONES.pdf\"><\/a>&nbsp;&nbsp;<a href=\"https:\/\/www.munitingomaria.gob.pe\/mplp\/sites\/default\/files\/\/POI%202016.pdf\">POI 2016<\/a>&nbsp; &nbsp; &nbsp;<a href=\"https:\/\/www.munitingomaria.gob.pe\/mplp\/sites\/default\/files\/\/POI%202016.pdf\"><\/a><\/p>\n\n\n\n<p><\/p>\n\n\n\n<p>PAP (PRESUPUESTO ANAL\u00cdTICO DE PERSONAL)<\/p>\n\n\n\n<p><a href=\"https:\/\/www.munitingomaria.gob.pe\/mplp\/sites\/default\/files\/\/CHECKLIST%20DE%20LA%20DOCUMENTACI%C3%93N%20OBLIGATORIA%20QUE%20DEBE%20CONTENER%20EL%20PLAN%20ANUAL%20DE%20CONTRATACIONES.pdf\"><\/a>&nbsp;&nbsp;<a href=\"https:\/\/www.munitingomaria.gob.pe\/mplp\/sites\/default\/files\/\/Presupuesto%20Analitico%20Personal%202015.pdf\">PAP 2015<\/a>&nbsp;&nbsp; &nbsp;&nbsp;<a href=\"https:\/\/www.munitingomaria.gob.pe\/mplp\/sites\/default\/files\/\/Presupuesto%20Analitico%20Personal%202015.pdf\"><\/a><\/p>\n\n\n\n<p>CAP (CUADRO DE ASIGNACI\u00d3N DE PERSONAL)<\/p>\n\n\n\n<p><a href=\"https:\/\/www.munitingomaria.gob.pe\/mplp\/sites\/default\/files\/\/CHECKLIST%20DE%20LA%20DOCUMENTACI%C3%93N%20OBLIGATORIA%20QUE%20DEBE%20CONTENER%20EL%20PLAN%20ANUAL%20DE%20CONTRATACIONES.pdf\"><\/a>&nbsp;&nbsp;<a href=\"https:\/\/www.munitingomaria.gob.pe\/mplp\/sites\/default\/files\/mplp\/documentosdegestion\/CAP2014.pdf\">CUADRO DE ASIGNACI\u00d3N DE PERSONAL 2014<\/a>&nbsp;&nbsp; &nbsp; &nbsp;<a href=\"https:\/\/www.munitingomaria.gob.pe\/mplp\/sites\/default\/files\/mplp\/documentosdegestion\/CAP2014.pdf\"><\/a><\/p>\n\n\n\n<p><\/p>\n","protected":false},"excerpt":{"rendered":"<p>\u25b6\ufe0f Organigrama \ud83d\udcc4 \u25b6\ufe0f Directivas Municipales MPLP \ud83d\udcc4 \u25b6\ufe0f Reglamento Interno Municipales MPLP \ud83d\udcc4 \u25b6\ufe0f<\/p>\n","protected":false},"author":1,"featured_media":0,"parent":0,"menu_order":0,"comment_status":"closed","ping_status":"closed","template":"","meta":{"footnotes":""},"class_list":["post-412","page","type-page","status-publish","hentry"],"_links":{"self":[{"href":"https:\/\/munitingomaria.gob.pe\/home\/wp-json\/wp\/v2\/pages\/412","targetHints":{"allow":["GET"]}}],"collection":[{"href":"https:\/\/munitingomaria.gob.pe\/home\/wp-json\/wp\/v2\/pages"}],"about":[{"href":"https:\/\/munitingomaria.gob.pe\/home\/wp-json\/wp\/v2\/types\/page"}],"author":[{"embeddable":true,"href":"https:\/\/munitingomaria.gob.pe\/home\/wp-json\/wp\/v2\/users\/1"}],"replies":[{"embeddable":true,"href":"https:\/\/munitingomaria.gob.pe\/home\/wp-json\/wp\/v2\/comments?post=412"}],"version-history":[{"count":27,"href":"https:\/\/munitingomaria.gob.pe\/home\/wp-json\/wp\/v2\/pages\/412\/revisions"}],"predecessor-version":[{"id":5413,"href":"https:\/\/munitingomaria.gob.pe\/home\/wp-json\/wp\/v2\/pages\/412\/revisions\/5413"}],"wp:attachment":[{"href":"https:\/\/munitingomaria.gob.pe\/home\/wp-json\/wp\/v2\/media?parent=412"}],"curies":[{"name":"wp","href":"https:\/\/api.w.org\/{rel}","templated":true}]}}