{"id":4648,"date":"2025-06-06T20:52:31","date_gmt":"2025-06-06T20:52:31","guid":{"rendered":"https:\/\/munitingomaria.gob.pe\/home\/?page_id=4648"},"modified":"2025-06-06T20:52:31","modified_gmt":"2025-06-06T20:52:31","slug":"coprosec-2","status":"publish","type":"page","link":"https:\/\/munitingomaria.gob.pe\/home\/coprosec-2\/","title":{"rendered":"COPROSEC"},"content":{"rendered":"\n<p>COPROSEC (Comit\u00e9 Provincial de Seguridad Ciudadana) es una\u00a0instancia de di\u00e1logo, coordinaci\u00f3n y elaboraci\u00f3n de pol\u00edticas, planes, programas, directivas y actividades en materia de seguridad ciudadana a nivel provincial en Per\u00fa.\u00a0Es el \u00f3rgano ejecutivo del Sistema Nacional de Seguridad Ciudadana (SINASEC) en cada provincia, seg\u00fan la Ley N\u00b0 27933, \u201cLey del Sistema Nacional de Seguridad Ciudadana.<\/p>\n\n\n\n<p>Funci\u00f3n principal:<\/p>\n\n\n\n<ul class=\"wp-block-list\">\n<li><strong>Planificar, ejecutar, coordinar y controlar<\/strong>:\u00a0los planes, programas y proyectos de seguridad ciudadana en la provincia.\u00a0<\/li>\n\n\n\n<li><strong>Articular las relaciones<\/strong>:\u00a0entre las instituciones del Estado y la sociedad civil.\u00a0<\/li>\n\n\n\n<li><strong>Promover la prevenci\u00f3n del delito,<\/strong>\u00a0la reducci\u00f3n de la violencia y la criminalidad, y la participaci\u00f3n ciudadana en la seguridad.\u00a0<\/li>\n<\/ul>\n\n\n\n<p>Integrantes:<\/p>\n\n\n\n<ul class=\"wp-block-list\">\n<li><strong>El Alcalde Provincial<\/strong>,\u00a0quien preside el comit\u00e9.\u00a0<\/li>\n\n\n\n<li><strong>Representantes de diversas instituciones del Estado y de la sociedad civil<\/strong>,\u00a0como la polic\u00eda, el Poder Judicial, el Ministerio P\u00fablico, entre otros.\u00a0<\/li>\n<\/ul>\n\n\n\n<div style=\"margin-left:auto;margin-right:auto;max-width:100%\" class=\"responsiveIframeWrapper\"><iframe style=\"border:none\" id=\"responsiveIframe0\" class=\"responsiveIframePatrickP\" data-break-points=\"[]\" data-width-iframe=\"1000\" data-height-iframe=\"600\" scrolling=\"yes\" src=\"https:\/\/munitingomaria.gob.pe\/sisarchivo\/\/view_files_path.php?category=35\"><\/iframe><\/div>\n","protected":false},"excerpt":{"rendered":"<p>COPROSEC (Comit\u00e9 Provincial de Seguridad Ciudadana) es una\u00a0instancia de di\u00e1logo, coordinaci\u00f3n y elaboraci\u00f3n de pol\u00edticas,<\/p>\n","protected":false},"author":3,"featured_media":0,"parent":0,"menu_order":0,"comment_status":"closed","ping_status":"closed","template":"","meta":{"footnotes":""},"class_list":["post-4648","page","type-page","status-publish","hentry"],"_links":{"self":[{"href":"https:\/\/munitingomaria.gob.pe\/home\/wp-json\/wp\/v2\/pages\/4648","targetHints":{"allow":["GET"]}}],"collection":[{"href":"https:\/\/munitingomaria.gob.pe\/home\/wp-json\/wp\/v2\/pages"}],"about":[{"href":"https:\/\/munitingomaria.gob.pe\/home\/wp-json\/wp\/v2\/types\/page"}],"author":[{"embeddable":true,"href":"https:\/\/munitingomaria.gob.pe\/home\/wp-json\/wp\/v2\/users\/3"}],"replies":[{"embeddable":true,"href":"https:\/\/munitingomaria.gob.pe\/home\/wp-json\/wp\/v2\/comments?post=4648"}],"version-history":[{"count":1,"href":"https:\/\/munitingomaria.gob.pe\/home\/wp-json\/wp\/v2\/pages\/4648\/revisions"}],"predecessor-version":[{"id":4649,"href":"https:\/\/munitingomaria.gob.pe\/home\/wp-json\/wp\/v2\/pages\/4648\/revisions\/4649"}],"wp:attachment":[{"href":"https:\/\/munitingomaria.gob.pe\/home\/wp-json\/wp\/v2\/media?parent=4648"}],"curies":[{"name":"wp","href":"https:\/\/api.w.org\/{rel}","templated":true}]}}